{"id":9488,"date":"2014-09-28T01:15:30","date_gmt":"2014-09-28T01:15:30","guid":{"rendered":"http:\/\/lawyers-attorneys.vamtam.com\/?page_id=9488"},"modified":"2026-04-16T19:24:57","modified_gmt":"2026-04-16T23:24:57","slug":"marcus-monteiro-esq","status":"publish","type":"page","link":"https:\/\/www.immigrationli.com\/spanish\/abogados-inmigracion-ny\/marcus-monteiro-esq\/","title":{"rendered":"Marcus Monteiro, Esq."},"content":{"rendered":"<div class=\"row \"><div class=\"wpv-grid grid-1-1  wpv-first-level first unextended\" style=\"padding-top:0px;padding-bottom:0px\" id=\"wpv-column-5f421f34c8114f5a4e9da78beb68b63a\" ><\/div><\/div>\n<div class=\"row \"><div class=\"wpv-grid grid-2-3  wpv-first-level first has-background unextended\" style=\"\n\t\t\t\tbackground: url( 'http:\/\/www.immigrationli.com\/spanish\/wp-content\/uploads\/2019\/08\/Marcus_Monteiro_1.jpg' ) no-repeat center top;\n\t\t\t\tbackground-size: auto;\n\t\t\tpadding-top:500px;padding-bottom:0px\" id=\"wpv-column-cc2e78ee8e999d6688744a5186d61cc2\" ><\/div>\n<div class=\"wpv-grid grid-1-3 add-border wpv-first-level unextended\" style=\"padding-top:20px;padding-bottom:15px\" id=\"wpv-column-ed6390e1ce4bef8529117d04787c5cff\" ><div class=\"row \"><div class=\"wpv-grid grid-1-1  first unextended animation-fade-in animated-active\" style=\"padding-top:0px;padding-bottom:0px\" id=\"wpv-column-499980cf4eeaf62376282d49ebcb5981\" ><h4 style=\"padding-left: 20px;\">CONTACT<\/h4>\n<p style=\"padding-left: 20px;\">Phone: <span style=\"color: #9b0012;\">(516) 280 &#8211; 4600 Ext. 107<\/span><br \/>\nEmail: <a href=\"mailto:smmonteiro@mflawny.com\">mmonteiro@mflawny.com<\/a><\/div><\/div><\/div><\/div>\n<div class=\"push\" style='height:20px'><\/div>\n<div class=\"row \"><div class=\"wpv-grid grid-1-1  wpv-first-level first unextended\" style=\"padding-top:0px;padding-bottom:0px\" id=\"wpv-column-a25346de83ca04b0a29b4bc8b54cf60b\" ><h3>Biograf\u00eda<\/h3>\n<p>Marco Monteiro, Esq. es miembro fundador de Monteiro &amp; Fishman LLP. Antes de comenzar Monteiro &amp; Fishman LLP en 2009, el Sr. Monteiro era litigante en un bufete de abogados nacional en el centro de Manhattan.<\/p>\n<p>Desde que comenz\u00f3 a practicar en 2002, el Sr. Monteiro ha litigado con \u00e9xito cientos de casos en todo el pa\u00eds, incluida la representaci\u00f3n de clientes para veredictos en juicios federales y estatales. Tambi\u00e9n tiene experiencia en la pr\u00e1ctica del Tribunal de Apelaciones y compareci\u00f3 en numerosas ocasiones ante la Divisi\u00f3n de Apelaciones de la Corte Suprema de Nueva York. Ha representado a clientes en asuntos con m\u00e1s de 100 mil millones de d\u00f3lares en responsabilidad potencial. Sus casos notables incluyen In re Lead Paint Manufacturers e In re Imperial Tobacco.<\/p>\n<p>El Sr. Monteiro reconoce los desaf\u00edos personales y legales que enfrentan los inmigrantes y se compromete a guiar a cada cliente con compasi\u00f3n y comprensi\u00f3n, mientras se asegura de que reciban la defensa m\u00e1s fuerte posible. El Sr. Monteiro tambi\u00e9n entiende que cuando un cliente busca un abogado para un problema de inmigraci\u00f3n o de derecho de familia, ese cliente debe recibir paciencia, comprensi\u00f3n y un resumen claro de lo que debe hacerse para tener un resultado exitoso. El Sr. Monteiro ha sido reconocido como un SUPER ABOGADO (5% superior en el Estado) desde 2012 hasta el presente.<\/p>\n<p>El Sr. Monteiro aporta conocimiento y enfoque adquiridos a trav\u00e9s de sus a\u00f1os en Wall Street, Nueva York, a Main Street, Long Island, junto con entusiasmo adicional, energ\u00eda y humor, todas las cualidades que sus clientes han llegado a apreciar y confiar.<\/p>\n<div class=\"push\" style='height:20px'><\/div>\n<h3>Educaci\u00f3n<\/h3>\n<p>Marcus Monteiro naci\u00f3 en Queens, Nueva York y asisti\u00f3 a Wantagh High School. Se gradu\u00f3 de la Universidad de Albany antes de matricularse en la Facultad de Derecho de Hofstra.<\/p>\n<p>Mientras era estudiante en Hofstra, el Sr. Monteiro particip\u00f3 activamente en la pr\u00e1ctica de juicios y apelaciones, y fu\u00e9 el \u00fanico estudiante que represent\u00f3 a la Facultad de Derecho de Hofstra en competencias nacionales como miembro de un equipo de juicios (competencia de la Asociaci\u00f3n Americana de Abogados de Juicios) y un equipo de apelaciones (Jessup Concurso internacional de tribunales simulados). Tambi\u00e9n como estudiante, el Sr. Monteiro trabaj\u00f3 en la Oficina del Fiscal de Distrito del Condado de Nassau, especializ\u00e1ndose en pandillas y delitos de narc\u00f3ticos.<\/p>\n<div class=\"push\" style='height:20px'><\/div>\n<h3>Permisos para ejercer abogac\u00eda<\/h3>\n<p>Tribunal de Distrito del Estado de Nueva York, Estados Unidos &#8211; Distrito Sur de Nueva York, Tribunal de Distrito de los Estados Unidos &#8211; Distrito Este de Nueva York<\/p>\n<div class=\"push\" style='height:20px'><\/div><\/div><\/div>\n","protected":false},"excerpt":{"rendered":"<p>CONTACT Phone: (516) 280 &#8211; 4600 Ext. 107 Email: mmonteiro@mflawny.com Biograf\u00eda Marco Monteiro, Esq. es miembro fundador de Monteiro &amp; Fishman LLP. Antes de comenzar Monteiro &amp; Fishman LLP en 2009, el Sr. Monteiro era litigante en un bufete de abogados nacional en el centro de Manhattan. Desde que comenz\u00f3 a practicar en 2002, el&#8230;<\/p>\n","protected":false},"author":1,"featured_media":0,"parent":7774,"menu_order":0,"comment_status":"closed","ping_status":"open","template":"","meta":{"footnotes":""},"class_list":["post-9488","page","type-page","status-publish","hentry"],"_links":{"self":[{"href":"https:\/\/www.immigrationli.com\/spanish\/wp-json\/wp\/v2\/pages\/9488","targetHints":{"allow":["GET"]}}],"collection":[{"href":"https:\/\/www.immigrationli.com\/spanish\/wp-json\/wp\/v2\/pages"}],"about":[{"href":"https:\/\/www.immigrationli.com\/spanish\/wp-json\/wp\/v2\/types\/page"}],"author":[{"embeddable":true,"href":"https:\/\/www.immigrationli.com\/spanish\/wp-json\/wp\/v2\/users\/1"}],"replies":[{"embeddable":true,"href":"https:\/\/www.immigrationli.com\/spanish\/wp-json\/wp\/v2\/comments?post=9488"}],"version-history":[{"count":16,"href":"https:\/\/www.immigrationli.com\/spanish\/wp-json\/wp\/v2\/pages\/9488\/revisions"}],"predecessor-version":[{"id":12489,"href":"https:\/\/www.immigrationli.com\/spanish\/wp-json\/wp\/v2\/pages\/9488\/revisions\/12489"}],"up":[{"embeddable":true,"href":"https:\/\/www.immigrationli.com\/spanish\/wp-json\/wp\/v2\/pages\/7774"}],"wp:attachment":[{"href":"https:\/\/www.immigrationli.com\/spanish\/wp-json\/wp\/v2\/media?parent=9488"}],"curies":[{"name":"wp","href":"https:\/\/api.w.org\/{rel}","templated":true}]}}