{"id":9484,"date":"2014-09-28T01:09:23","date_gmt":"2014-09-28T01:09:23","guid":{"rendered":"http:\/\/lawyers-attorneys.vamtam.com\/?page_id=9484"},"modified":"2026-04-16T19:25:13","modified_gmt":"2026-04-16T23:25:13","slug":"michael-fishman-esq","status":"publish","type":"page","link":"https:\/\/www.immigrationli.com\/spanish\/abogados-inmigracion-ny\/michael-fishman-esq\/","title":{"rendered":"Michael Fishman, Esq."},"content":{"rendered":"<div class=\"row \"><div class=\"wpv-grid grid-2-3  wpv-first-level first has-background unextended\" style=\"\n\t\t\t\tbackground: url( 'http:\/\/www.immigrationli.com\/spanish\/wp-content\/uploads\/2019\/08\/Michael_Fishman_1.jpg' ) no-repeat center top;\n\t\t\t\tbackground-size: auto;\n\t\t\tpadding-top:500px;padding-bottom:0px\" id=\"wpv-column-d14afa43f5c4160c79cf2322df220602\" ><\/div>\n<div class=\"wpv-grid grid-1-3 add-border wpv-first-level unextended\" style=\"padding-top:20px;padding-bottom:15px\" id=\"wpv-column-87b108c659ac87de9b6ffc4cc575e861\" ><div class=\"row \"><div class=\"wpv-grid grid-1-1  first unextended animation-fade-in animated-active\" style=\"padding-top:0px;padding-bottom:0px\" id=\"wpv-column-b1e9d1a1a48891491c66a4facaa853fa\" ><h4 style=\"padding-left: 20px;\">CONTACT<\/h4>\n<p style=\"padding-left: 20px;\">Phone: <span style=\"color: #9b0012;\">(516) 280 &#8211; 4600 Ext. 106<\/span><br \/>\nEmail: <a href=\"mailto:mfishman@mflawny.com\">mfishman@mflawny.com<\/a><\/div><\/div><\/div><\/div>\n<div class=\"push\" style='height:20px'><\/div>\n<div class=\"row \"><div class=\"wpv-grid grid-1-1  wpv-first-level first unextended\" style=\"padding-top:0px;padding-bottom:0px\" id=\"wpv-column-b17e4d47c5adc60cda8eec8ab11fd99c\" ><h3>Biograf\u00eda<\/h3>\n<p>El Sr. Fishman dirige el departamento de inmigraci\u00f3n de la Firma y actualmente representa a clientes ante el Tribunal de Inmigraci\u00f3n, el USCIS, el BIA y otras entidades gubernamentales en todos los aspectos de la ley de inmigraci\u00f3n. El Sr. Fishman enfoca su pr\u00e1ctica en individuos y familias, y ha obtenido con \u00e9xito aprobaciones de asilo, cancelaci\u00f3n de expulsi\u00f3n y ajuste de estatus, visas U, SIJS, eliminaci\u00f3n de condiciones, residencias permanentes, tarjetas verdes, exenciones de inadmisibilidad, entre otros. El Sr. Fishman es incansable en representar a sus clientes y ha solicitado tribunales de inmigraci\u00f3n en todo Estados Unidos.<\/p>\n<p>Con casi 20 a\u00f1os de experiencia, Fishman ha representado a clientes en acciones judiciales federales y estatales en todo el pa\u00eds, y ha juzgado con \u00e9xito numerosos casos para veredicto en varios tribunales estatales de Nueva York. Adem\u00e1s, el Sr. Fishman tiene una vasta experiencia en la corte de apelaciones y prepar\u00f3 escritos de apelaci\u00f3n discutidos ante el T\u00e9rmino de Apelaciones y la Divisi\u00f3n de Apelaciones del Estado de Nueva York. El Sr. Fishman ha litigado con \u00e9xito cientos de casos en todo el pa\u00eds, as\u00ed como asuntos comerciales y ha representado a clientes en litigios que involucran cientos de millones de d\u00f3lares. Su experiencia incluye asuntos tan notables como la quiebra de Enron y el litigio del World Trade Center.<\/p>\n<p>Antes de formar Monteiro &amp; Fishman LLP, el Sr. Fishman se asoci\u00f3 con un gran bufete nacional de abogados de Nueva York, que representa a compa\u00f1\u00edas de seguros y otros clientes comerciales en todo el pa\u00eds en diversos asuntos legales.<\/p>\n<p>Basado en la idea de que el asesoramiento legal de \u00e9lite deber\u00eda estar disponible para todos, el Sr. Fishman y el socio de la firma Marcus Monteiro formaron una firma de primer nivel en Monteiro &amp; Fishman LLP. El Sr. Fishman aporta el conocimiento y la habilidad derivados de sus a\u00f1os de experiencia en grandes empresas para proporcionar a sus clientes de inmigraci\u00f3n un gran trabajo de calidad en la ciudad de Nueva York, pero sin el costo excesivo.<\/p>\n<p>El Sr. Fishman ha sido reconocido como un SUPER ABOGADO (5% superior en el estado) y es un miembro de buena reputaci\u00f3n con la Asociaci\u00f3n Americana de Abogados de Inmigraci\u00f3n (AILA) y la Asociaci\u00f3n de Abogados de Nueva York, el Comit\u00e9 de Inmigraci\u00f3n y el Comit\u00e9 de Inmigraci\u00f3n de la Asociaci\u00f3n de Abogados del Condado de Nassau.<\/p>\n<div class=\"push\" style='height:20px'><\/div>\n<h3>Educaci\u00f3n<\/h3>\n<p>Michael Fishman naci\u00f3 en Peekskill, Nueva York. Se gradu\u00f3 de la Universidad Estatal de Nueva York en Albany. Despu\u00e9s de graduarse, el Sr. Fishman realiz\u00f3 estudios de posgrado en la Universidad de Hofstra en el campo de la biolog\u00eda.<\/p>\n<p>A partir de entonces, el Sr. Fishman se gradu\u00f3 de la Facultad de Derecho de Hofstra como el mejor de la clase y fue miembro de su Law Review. El Sr. Fishman particip\u00f3 activamente en el juicio y en la pr\u00e1ctica de apelaciones, y fue miembro del tribunal simulado Hofstra.<\/p>\n<p>Adem\u00e1s, mientras estudiaba derecho, el Sr. Fishman trabaj\u00f3 en el Departamento Jur\u00eddico de la Ciudad de Nueva York en la divisi\u00f3n de Impuestos y Condenas.<\/p>\n<div class=\"push\" style='height:20px'><\/div>\n<h3>Permisos para ejercer abogac\u00eda<\/h3>\n<p>Tribunal de Distrito del Estado de Nueva York, Estados Unidos &#8211; Distrito Sur de Nueva York, Tribunal de Distrito de los Estados Unidos &#8211; Distrito Este de Nueva York<\/p>\n<div class=\"push\" style='height:20px'><\/div>\n<h3><strong>Membres\u00edas<\/strong><\/h3>\n<p>Asociaci\u00f3n Americana de Abogados de Inmigraci\u00f3n (AILA), y la Asociaci\u00f3n de Abogados de Nueva York, el Comit\u00e9 de Inmigraci\u00f3n y el Comit\u00e9 de Inmigraci\u00f3n de la Asociaci\u00f3n de Abogados del Condado de Nassau.<\/div><\/div>\n","protected":false},"excerpt":{"rendered":"<p>CONTACT Phone: (516) 280 &#8211; 4600 Ext. 106 Email: mfishman@mflawny.com Biograf\u00eda El Sr. Fishman dirige el departamento de inmigraci\u00f3n de la Firma y actualmente representa a clientes ante el Tribunal de Inmigraci\u00f3n, el USCIS, el BIA y otras entidades gubernamentales en todos los aspectos de la ley de inmigraci\u00f3n. El Sr. Fishman enfoca su pr\u00e1ctica&#8230;<\/p>\n","protected":false},"author":1,"featured_media":0,"parent":7774,"menu_order":0,"comment_status":"closed","ping_status":"open","template":"","meta":{"footnotes":""},"class_list":["post-9484","page","type-page","status-publish","hentry"],"_links":{"self":[{"href":"https:\/\/www.immigrationli.com\/spanish\/wp-json\/wp\/v2\/pages\/9484","targetHints":{"allow":["GET"]}}],"collection":[{"href":"https:\/\/www.immigrationli.com\/spanish\/wp-json\/wp\/v2\/pages"}],"about":[{"href":"https:\/\/www.immigrationli.com\/spanish\/wp-json\/wp\/v2\/types\/page"}],"author":[{"embeddable":true,"href":"https:\/\/www.immigrationli.com\/spanish\/wp-json\/wp\/v2\/users\/1"}],"replies":[{"embeddable":true,"href":"https:\/\/www.immigrationli.com\/spanish\/wp-json\/wp\/v2\/comments?post=9484"}],"version-history":[{"count":17,"href":"https:\/\/www.immigrationli.com\/spanish\/wp-json\/wp\/v2\/pages\/9484\/revisions"}],"predecessor-version":[{"id":12490,"href":"https:\/\/www.immigrationli.com\/spanish\/wp-json\/wp\/v2\/pages\/9484\/revisions\/12490"}],"up":[{"embeddable":true,"href":"https:\/\/www.immigrationli.com\/spanish\/wp-json\/wp\/v2\/pages\/7774"}],"wp:attachment":[{"href":"https:\/\/www.immigrationli.com\/spanish\/wp-json\/wp\/v2\/media?parent=9484"}],"curies":[{"name":"wp","href":"https:\/\/api.w.org\/{rel}","templated":true}]}}