{"id":7956,"date":"2019-08-18T10:06:07","date_gmt":"2019-08-18T14:06:07","guid":{"rendered":"http:\/\/lawyers-attorneys.vamtam.com\/?page_id=7956"},"modified":"2026-04-16T19:06:50","modified_gmt":"2026-04-16T23:06:50","slug":"practice-areas","status":"publish","type":"page","link":"https:\/\/www.immigrationli.com\/spanish\/practice-areas\/","title":{"rendered":"Abogados de DACA, SIJS, Green Card, Asilo, Deportacion, Expulsion Long Island"},"content":{"rendered":"<div class=\"row \"><div class=\"wpv-grid grid-1-4  wpv-first-level first unextended\" style=\"padding-top:0px;padding-bottom:0px\" id=\"wpv-column-df45ae6cd94c78c92f19442061d3c35e\" ><div class=\"row \"><div class=\"wpv-grid grid-1-1  first unextended\" style=\"padding-top:0px;padding-bottom:0px\" id=\"wpv-column-c1b1486ebbc7a44b56c370927b5b0266\" >\n<div  data-target=\"_self\" class=\"linkarea clearfix   background-transparent\">\n\t\t\t\t<div class=\"last\"><h3 style=\"text-align: center;\"><strong>Tarjeta Verde, Ciudadan\u00eda y Peticiones Basadas en la Familia<\/strong><\/h3>\n<p style=\"text-align: center;\">El alivio del ajuste de estatus a menudo busca &#8220;Tarjetas Verdes&#8221; o &#8220;Tarjetas de Residencia Permanente&#8221;,<br \/>\nque son documentos que permiten a personas de otros pa\u00edses vivir y trabajar en los Estados Unidos<br \/>\nEstados &#8211; a veces permanentes ..<\/p>\n<div class=\"push\" style='margin-bottom:-20px'><\/div>\n<div class=\"push\" style='height:30px'><\/div>\n<p class=\"textcenter\"><a href=\"https:\/\/www.immigrationli.com\/spanish\/green-card-ciudadania-peticiones-basadas-en-la-familia\/\" target=\"_self\" style='font-size: 14px;' class=\"button vamtam-button accent5  button-border hover-accent5 \"><span class=\"btext\">VER M\u00c1S \u2192<\/span><\/a><\/p> <div class=\"push\" style='height:20px'><\/div><\/div>\n\t<\/div><\/div><\/div><\/div>\n<div class=\"wpv-grid grid-1-4  wpv-first-level unextended\" style=\"padding-top:0px;padding-bottom:0px\" id=\"wpv-column-eb0b308455603480be8d13961f0752b9\" ><div class=\"row \"><div class=\"wpv-grid grid-1-1  first unextended\" style=\"padding-top:0px;padding-bottom:0px\" id=\"wpv-column-c3980ea9b010c9bfd70086d595e3a238\" >\n<div  data-target=\"_self\" class=\"linkarea clearfix   background-transparent\">\n\t\t\t\t<div class=\"last\"><h3 style=\"text-align: center;\"><strong>Petici\u00f3n de asilo<\/strong><\/h3>\n<p style=\"text-align: center;\">Las personas pueden obtener asilo o la condici\u00f3n de refugiado en los Estados Unidos si tienen un temor fundado<br \/>\nde persecuci\u00f3n del gobierno, o de un grupo que el gobierno no puede o no quiere controlar.<\/p>\n<div class=\"push\" style='margin-bottom:-20px'><\/div>\n<div class=\"push\" style='height:30px'><\/div>\n<p class=\"textcenter\"><a href=\"https:\/\/www.immigrationli.com\/spanish\/peticion-de-asilo\/\" target=\"_self\" style='font-size: 14px;' class=\"button vamtam-button accent5  button-border hover-accent5 \"><span class=\"btext\">VER M\u00c1S \u2192<\/span><\/a><\/p> <div class=\"push\" style='height:20px'><\/div><\/div>\n\t<\/div><\/div><\/div><\/div>\n<div class=\"wpv-grid grid-1-4  wpv-first-level unextended\" style=\"padding-top:0px;padding-bottom:0px\" id=\"wpv-column-14168df728a57985e1e1f5cac1383705\" ><div class=\"row \"><div class=\"wpv-grid grid-1-1  first unextended\" style=\"padding-top:0px;padding-bottom:0px\" id=\"wpv-column-12a9ec6b55f76a341d7f1861610a1d4f\" >\n<div  data-target=\"_self\" class=\"linkarea clearfix   background-transparent\">\n\t\t\t\t<div class=\"last\"><h3 style=\"text-align: center;\"><strong>Estatus Especial de Inmigrante Juvenil (SIJS) y Acci\u00f3n Diferida para los Llegados en la Infancia (DACA)<\/strong><\/h3>\n<p style=\"text-align: center;\">El estatus especial de inmigrante juvenil (SIJS) permite que ciertos ni\u00f1os menores que viven en los Estados Unidos se conviertan en residentes permanentes. El primer paso es presentar una petici\u00f3n de dependencia en el Tribunal de Familia de Nassau, Suffolk o Queens.<\/p>\n<div class=\"push\" style='margin-bottom:-20px'><\/div>\n<div class=\"push\" style='height:30px'><\/div>\n<p class=\"textcenter\"><a href=\"https:\/\/www.immigrationli.com\/spanish\/estatus-especial-sijs-accion-diferida-daca\/\" target=\"_self\" style='font-size: 14px;' class=\"button vamtam-button accent5  button-border hover-accent5 \"><span class=\"btext\">VER M\u00c1S \u2192<\/span><\/a><\/p> <div class=\"push\" style='height:20px'><\/div><\/div>\n\t<\/div><\/div><\/div><\/div>\n<div class=\"wpv-grid grid-1-4  wpv-first-level unextended\" style=\"padding-top:0px;padding-bottom:0px\" id=\"wpv-column-046cc6a8e87f9fc768bb735aa840b8ed\" ><div class=\"row \"><div class=\"wpv-grid grid-1-1  first unextended\" style=\"padding-top:0px;padding-bottom:0px\" id=\"wpv-column-c8518fe4f98d277cdf826c1e11ae4c9a\" >\n<div  data-target=\"_self\" class=\"linkarea clearfix   background-transparent\">\n\t\t\t\t<div class=\"last\"><h3 style=\"text-align: center;\"><strong>Defensa de deportaci\u00f3n \/ expulsi\u00f3n<\/strong><\/h3>\n<p style=\"text-align: center;\">La deportaci\u00f3n y la expulsi\u00f3n son situaciones aterradoras y generalmente comienzan cuando un no ciudadano es atrapado en los EE. UU. Sin los documentos adecuados, se alega que viol\u00f3 los t\u00e9rminos de su tarjeta de residencia o visa, o se alega que cometi\u00f3 un delito.<\/p>\n<div class=\"push\" style='margin-bottom:-20px'><\/div>\n<div class=\"push\" style='height:30px'><\/div>\n<p class=\"textcenter\"><a href=\"https:\/\/www.immigrationli.com\/spanish\/defensa-deportacion-expulsion\/\" target=\"_self\" style='font-size: 14px;' class=\"button vamtam-button accent5  button-border hover-accent5 \"><span class=\"btext\">VER M\u00c1S \u2192<\/span><\/a><\/p> <div class=\"push\" style='height:20px'><\/div><\/div>\n\t<\/div><\/div><\/div><\/div><\/div>\n<div class=\"push\" style='height:30px'><\/div>\n","protected":false},"excerpt":{"rendered":"","protected":false},"author":1,"featured_media":0,"parent":0,"menu_order":0,"comment_status":"closed","ping_status":"open","template":"","meta":{"footnotes":""},"class_list":["post-7956","page","type-page","status-publish","hentry"],"_links":{"self":[{"href":"https:\/\/www.immigrationli.com\/spanish\/wp-json\/wp\/v2\/pages\/7956","targetHints":{"allow":["GET"]}}],"collection":[{"href":"https:\/\/www.immigrationli.com\/spanish\/wp-json\/wp\/v2\/pages"}],"about":[{"href":"https:\/\/www.immigrationli.com\/spanish\/wp-json\/wp\/v2\/types\/page"}],"author":[{"embeddable":true,"href":"https:\/\/www.immigrationli.com\/spanish\/wp-json\/wp\/v2\/users\/1"}],"replies":[{"embeddable":true,"href":"https:\/\/www.immigrationli.com\/spanish\/wp-json\/wp\/v2\/comments?post=7956"}],"version-history":[{"count":32,"href":"https:\/\/www.immigrationli.com\/spanish\/wp-json\/wp\/v2\/pages\/7956\/revisions"}],"predecessor-version":[{"id":12479,"href":"https:\/\/www.immigrationli.com\/spanish\/wp-json\/wp\/v2\/pages\/7956\/revisions\/12479"}],"wp:attachment":[{"href":"https:\/\/www.immigrationli.com\/spanish\/wp-json\/wp\/v2\/media?parent=7956"}],"curies":[{"name":"wp","href":"https:\/\/api.w.org\/{rel}","templated":true}]}}