{"id":12274,"date":"2019-09-25T18:11:53","date_gmt":"2019-09-25T22:11:53","guid":{"rendered":"http:\/\/www.immigrationli.com\/spanish\/?page_id=12274"},"modified":"2026-04-16T19:19:25","modified_gmt":"2026-04-16T23:19:25","slug":"testimonios-inmigracion","status":"publish","type":"page","link":"https:\/\/www.immigrationli.com\/spanish\/testimonios-inmigracion\/","title":{"rendered":"Testimonios de nuestros clientes en Hempstead, Nassau County, Suffolk County."},"content":{"rendered":"\t\t<div class=\"sep-text single centered\">\n\t\t\t\t\t\t\t<span class=\"sep-text-before\"><div class=\"sep-text-line\"><\/div><\/span>\n\t\t\t\t\t\t<div class=\"content\">\n\t\t\t\t<h2 class=\"text-divider-double\">\nTestimonios de immigracion<\/h2>\t\t\t<\/div>\n\t\t\t<span class=\"sep-text-after\"><div class=\"sep-text-line\"><\/div><\/span>\n\t\t\t\t\t<\/div>\n\t\n<div class=\"row \"><div class=\"wpv-grid grid-1-3  wpv-first-level first unextended\" style=\"padding-top:0px;padding-bottom:0px\" id=\"wpv-column-b40495146f33615f36ec18a156e61ee1\" ><p>\u201cMuy profesional, amable y eficiente. Estuvieron all\u00ed con nosotros en cada paso del camino y nos hicieron sentir c\u00f3modos con el proceso \u201d.<br \/>\n\u2013 <strong>Mary<\/strong>, <em><br \/>\nAprobado I-130 y residencia permanente,<\/em><br \/>\nYonkers, NY<\/div>\n<div class=\"wpv-grid grid-1-3  wpv-first-level unextended\" style=\"padding-top:0px;padding-bottom:0px\" id=\"wpv-column-53fffc54783e3c3acb18f60bf96d2606\" ><p>\u201c\u00a1Despu\u00e9s de 10 a\u00f1os de espera, Monteiro y Fishman aprobaron mi exenci\u00f3n! Estoy muy agradecido de haber conocido al Sr. Fishman y espero trabajar con \u00e9l para obtener el estatus permanente &#8220;.<strong><br \/>\n\u00ad- Danilo<\/strong>,<br \/>\n<em>Aprobado I-212,<\/em><br \/>\nAmityville, NY<\/div>\n<div class=\"wpv-grid grid-1-3  wpv-first-level unextended\" style=\"padding-top:0px;padding-bottom:0px\" id=\"wpv-column-e220782e2776afeb7bf45d462c40b9bb\" ><p>&#8220;El Sr. Fishman respondi\u00f3 a todas nuestras preguntas, revis\u00f3 nuestro papeleo y pudo anticipar cualquier problema que pudiera haber. Mi hijo y yo recibimos nuestras tarjetas verdes recientemente, estar\u00edamos perdidos sin su ayuda &#8220;.<br \/>\n\u2013<strong> Maria<\/strong>,<br \/>\n<em>Aprobado I-360 y residencia permanente,<\/em><br \/>\nUniondale, NY<\/div><\/div>\n<div class=\"push\" style='height:30px'><\/div>\n<div class=\"row \"><div class=\"wpv-grid grid-1-3  wpv-first-level first unextended\" style=\"padding-top:0px;padding-bottom:0px\" id=\"wpv-column-d32da3d979fdf9451b04451f4812c81e\" ><p>\u201cHe estado usando a Monteiro y Fishman como mis abogados durante los \u00faltimos 4 a\u00f1os y nunca me decepcionan. Presentaron una solicitud de visa SIJS para mi hijo y \u00e9l recibi\u00f3 su tarjeta de residencia permanente la semana pasada &#8220;.<br \/>\n\u2013 <strong>Ever<\/strong>, <em><br \/>\nAprobado I-360 y residencia permanente,<\/em><br \/>\nUniondale, NY<\/div>\n<div class=\"wpv-grid grid-1-3  wpv-first-level unextended\" style=\"padding-top:0px;padding-bottom:0px\" id=\"wpv-column-2123369b4affb79bf0e60df9d320b91c\" ><p>\u201cMonteiro y Fishman me ayudaron a solicitar la Acci\u00f3n Diferida de los Llegados en la Infancia en 2013 y obtuvieron mi permiso de trabajo. Desde entonces, el Sr. Fishman me ha ayudado con las tres renovaciones \u201d.<br \/>\n\u2013 <strong>Lidia<\/strong>,<br \/>\n<em>Aprobado DACA y I-765,<\/em><br \/>\nHempstead, NY<\/div>\n<div class=\"wpv-grid grid-1-3  wpv-first-level unextended\" style=\"padding-top:0px;padding-bottom:0px\" id=\"wpv-column-406afb08b28d4287a68de641087ce897\" ><p>\u201cProfesional y experimentado! El Sr. Fishman me ayud\u00f3 cuando mi solicitud de ciudadan\u00eda hab\u00eda sido denegada previamente y fue aprobada despu\u00e9s de muchos de mis intentos fallidos &#8220;.<br \/>\n\u2013 <strong>Rumaldo<\/strong>, <em><br \/>\nAprobado N-400,<\/em><br \/>\nHempstead, NY<\/div><\/div>\n<div class=\"push\" style='height:30px'><\/div>\n<div class=\"row \"><div class=\"wpv-grid grid-1-3  wpv-first-level first unextended\" style=\"padding-top:0px;padding-bottom:0px\" id=\"wpv-column-c1b5949a3d6cbdcfe4404a3f4f08e94b\" ><p>\u201cDesde la primera consulta, el Sr. Fishman y toda su oficina me hicieron sentir c\u00f3modo y fueron m\u00e1s all\u00e1 al responder mis preguntas. Presentaron una petici\u00f3n para mi prometida y trabajaron duro en cada paso del camino hasta que se convirti\u00f3 en residente permanente&#8221;.<br \/>\n&#8211; <strong>David<\/strong>, <em><br \/>\nAprobado I-130 y residencia permanente,<\/em><br \/>\nManhattan, NY<\/div>\n<div class=\"wpv-grid grid-1-3  wpv-first-level unextended\" style=\"padding-top:0px;padding-bottom:0px\" id=\"wpv-column-67f5c6aee703d7672ffa3d61d5e52a4c\" ><p>&#8220;Estoy tan feliz de haber venido a Monteiro y Fishman, el Sr. Fishamn ha manejado varios casos por m\u00ed. \u00a1M\u00e1s recientemente recib\u00ed una aprobaci\u00f3n para una petici\u00f3n familiar para mi madre! Michael siempre presta atenci\u00f3n a los detalles y tiene en mente su mejor inter\u00e9s &#8220;.<br \/>\n\u2013 <strong>Karen<\/strong>, <em><br \/>\nAprobado I-130,<\/em><br \/>\nPort Washington, NY<\/div>\n<div class=\"wpv-grid grid-1-3  wpv-first-level unextended\" style=\"padding-top:0px;padding-bottom:0px\" id=\"wpv-column-4eb2ab88935a1bd35f51afdf97f7675c\" ><p>\u201cRecomiendo encarecidamente a Monteiro &amp; Fishman a cualquiera que necesite un abogado de inmigraci\u00f3n. \u00a1Ayud\u00f3 a determinar que mi hijo era elegible para una visa SIJS y la aprob\u00f3! \u201d<br \/>\n\u2013 <strong>Ernesto<\/strong>, <em><br \/>\nAprobado I-360,<\/em><br \/>\nFranklin Square, NY<\/div><\/div>\n<div class=\"push\" style='height:30px'><\/div>\n<div class=\"row \"><div class=\"wpv-grid grid-1-3  wpv-first-level first unextended\" style=\"padding-top:0px;padding-bottom:0px\" id=\"wpv-column-6b233c9a7de82477445bacd54b9775c2\" ><p>&#8220;El Sr. Fishman se re\u00fane personalmente con sus clientes y se asegura de que comprenda cada paso del proceso. Ahora soy ciudadano de los EE. UU. Gracias a \u00e9l, \u00a1y no podr\u00eda estar m\u00e1s feliz! &#8221;<br \/>\n\u2013 <strong>Dora<\/strong>, <em><br \/>\nAprobado N-400,<\/em><br \/>\nFranklin Square, New York<\/div>\n<div class=\"wpv-grid grid-1-3  wpv-first-level unextended\" style=\"padding-top:0px;padding-bottom:0px\" id=\"wpv-column-84cabe5b1d64d1ba853301da44eed012\" ><p>\u201cOtro abogado me recomend\u00f3 al Sr. Fishman y estoy muy contenta de haberlo conocido. \u00a1Con su ayuda, a mi sobrino se le otorg\u00f3 la elegibilidad para solicitar una Visa Especial de Inmigrante Juvenil y fue aprobada!<br \/>\n&#8211;<strong> Claudia<\/strong>,<br \/>\n<em>Aprobado I-360,<\/em><br \/>\nPeekskill, NY<\/div>\n<div class=\"wpv-grid grid-1-3  wpv-first-level unextended\" style=\"padding-top:0px;padding-bottom:0px\" id=\"wpv-column-ba08f0e6b089eff734a0be688357eece\" ><p>\u201cHe sido cliente de Monteiro &amp; Fishman&#8217;s por casi 10 a\u00f1os. M\u00e1s recientemente, mi esposo solicit\u00f3 por m\u00ed y se me otorg\u00f3 el estatus de Residente Permanente. Es muy confiable y honesto &#8220;.<br \/>\n\u2013 <strong>Maria<\/strong>,<br \/>\n<em>Aprobado I-130 y residencia permanente,<\/em><br \/>\nPort Washington, NY<\/div><\/div>\n<div class=\"push\" style='height:30px'><\/div>\n<div class=\"row \"><div class=\"wpv-grid grid-1-3  wpv-first-level first unextended\" style=\"padding-top:0px;padding-bottom:0px\" id=\"wpv-column-b3f54e0215744dea45ac3a7a0d274e9c\" ><p>\u201cEl proceso de inmigraci\u00f3n puede ser muy estresante y confuso, pero Monteiro y Fishman siempre estuvieron ah\u00ed para m\u00ed y mi familia. Son expertos y muy profesionales &#8220;.<br \/>\n\u2013 <strong>Genesis<\/strong>, <em><br \/>\nAprobado I-765 y pendiente I-589,<\/em><br \/>\nUniondale, NY<\/div>\n<div class=\"wpv-grid grid-1-3  wpv-first-level unextended\" style=\"padding-top:0px;padding-bottom:0px\" id=\"wpv-column-aee48c66a6c2684d56cda550bec48980\" ><p>\u201cRecomiendo encarecidamente la oficina de Monteiro &amp; Fishman para cualquier caso de inmigraci\u00f3n que pueda tener. El Sr. Fishman y su personal son muy profesionales y siempre est\u00e1n dispuestos a responder cualquier pregunta que podamos tener. Pudieron conseguirme un permiso de trabajo mientras mi caso est\u00e1 pendiente \u201d.<em><br \/>\n\u2013 <\/em><strong>Carlos<\/strong>, <em><br \/>\nAprobado I-765 y pendiente I-589,<\/em><br \/>\nUniondale, NY<\/div>\n<div class=\"wpv-grid grid-1-3  wpv-first-level unextended\" style=\"padding-top:0px;padding-bottom:0px\" id=\"wpv-column-a98648b29da7e5c89d368316ce433359\" ><p>\u201cMike y toda su oficina son lo mejor de lo mejor. Tuve un caso criminal y de inmigraci\u00f3n muy complicado que podr\u00eda haber llevado a mi deportaci\u00f3n, pero Mike trabaj\u00f3 duro y sab\u00eda c\u00f3mo superar todos los obst\u00e1culos presentados en mi caso. Trabaj\u00f3 duro para encontrar las v\u00edas de alivio para las que puedo calificar y, aunque todav\u00eda estoy en proceso, tengo fe en su trabajo y en que podr\u00e9 permanecer en los Estados Unidos de forma permanente &#8220;.<br \/>\n\u2013 <strong>Vladimir<\/strong>,<br \/>\n<em>Aprobado I-765<\/em><br \/>\nHicksville, NY<\/div><\/div>\n<div class=\"push\" style='height:30px'><\/div>\n<div class=\"row \"><div class=\"wpv-grid grid-1-3  wpv-first-level first unextended\" style=\"padding-top:0px;padding-bottom:0px\" id=\"wpv-column-5b9c65184d999eaced2e01517317c166\" ><p>&#8220;Olvide todo lo que ha escuchado sobre los abogados de inmigraci\u00f3n porque con Michael Fishman est\u00e1 obteniendo un abogado de inmigraci\u00f3n que realmente se preocupa. Present\u00f3 una petici\u00f3n familiar para que patrocinara a mi esposo y fue aprobada y ahora es residente permanente &#8220;.<br \/>\n\u2013 <strong>Luisa<\/strong>, <em><br \/>\nResidencia permanente aprobada,<\/em><br \/>\nWestbury, NY<\/div>\n<div class=\"wpv-grid grid-1-3  wpv-first-level unextended\" style=\"padding-top:0px;padding-bottom:0px\" id=\"wpv-column-cbc1d45ca5a508934a769533d109997e\" ><p>Mi hermano tuvo un complicado caso de inmigraci\u00f3n y estuvo a punto de ser deportado. Gracias a Michael pudimos detener la deportaci\u00f3n y fue liberado. Sabemos que todav\u00eda tenemos un largo camino por recorrer, pero sabemos que siempre podemos confiar en que Michael nos guiar\u00e1 en la direcci\u00f3n correcta \u201d<br \/>\n\u2013<strong>Alvaro<\/strong>,<br \/>\n<em>Deportaci\u00f3n reabierta y recurrida, decisi\u00f3n pendiente,<\/em><br \/>\nFarmingdale, NY<\/div>\n<div class=\"wpv-grid grid-1-3  wpv-first-level unextended\" style=\"padding-top:0px;padding-bottom:0px\" id=\"wpv-column-3c3352668b72d83035d3b58ae52c8734\" ><p>&#8220;El Sr. Fishman y su personal son los mejores. Mi esposa tuvo un caso de inmigraci\u00f3n muy complicado y frustrante. Estoy muy feliz de que nos remitieran a Mike, porque siempre fue sincero y sincero. Despu\u00e9s de tres a\u00f1os de trabajar juntos y mi esposa enfrentando la deportaci\u00f3n, \u00a1Mike aprob\u00f3 su caso! Ahora ella puede vivir en paz y disfrutar la vida con nuestros hijos &#8220;.<br \/>\n\u2013 <strong>Angel<\/strong>, <em><br \/>\nResidencia permanente,<\/em><br \/>\nValley Stream, NY<\/div><\/div>\n<div class=\"push\" style='height:30px'><\/div>\n<div class=\"row \"><div class=\"wpv-grid grid-1-3  wpv-first-level first unextended\" style=\"padding-top:0px;padding-bottom:0px\" id=\"wpv-column-6c5a506d3ed99a7362cf5403e383f65e\" ><p>&#8220;El Sr. Fishman es muy minucioso y siempre te dice qu\u00e9 esperar. Me ayud\u00f3 a solicitar una visa especial de inmigrante juvenil para mi hijo. \u00a1Siempre nos explic\u00f3 cada paso y su solicitud ha sido aprobada!<br \/>\n\u2013 <strong>Martha<\/strong>, <em><br \/>\nAprobado I-360, <\/em><br \/>\nHuntington, NY<\/div>\n<div class=\"wpv-grid grid-1-3  wpv-first-level unextended\" style=\"padding-top:0px;padding-bottom:0px\" id=\"wpv-column-571a9892871b535a07fec322cd4ed8cb\" ><p>\u201cEstaba extremadamente satisfecha con los servicios que me prestaron Monteiro y Fishman. Siempre se ponen en contacto con usted y est\u00e1n disponibles para responder sus preguntas en cualquier momento. Me complace decir que ahora soy una residencia permanente y recomendar\u00eda a Michael a cualquiera que necesite ayuda con su caso de inmigraci\u00f3n &#8220;.<br \/>\n\u2013 <strong>Maria<\/strong>, <em><br \/>\nResidencia permanente aprobada,<\/em><br \/>\nHempstead, NY<\/div>\n<div class=\"wpv-grid grid-1-3  wpv-first-level unextended\" style=\"padding-top:0px;padding-bottom:0px\" id=\"wpv-column-a2d740a0cb524ffe5faa6bbb7a43f798\" ><p>&#8220;El Sr. Fishman siempre te dir\u00e1 la verdad, incluso si no es lo que quieres escuchar. Realmente aprecio la honestidad de esta oficina y su dedicaci\u00f3n para ayudar a la comunidad hispana. Ahora soy ciudadano de los EE. UU. Gracias a ellos &#8220;.<br \/>\n\u2013 <strong>Luis<\/strong>, <em><br \/>\nAprobado N-400<\/em>,<br \/>\nHempstead, NY<\/div><\/div>\n<div class=\"push\" style='height:30px'><\/div>\n<div class=\"row \"><div class=\"wpv-grid grid-1-3  wpv-first-level first unextended\" style=\"padding-top:0px;padding-bottom:0px\" id=\"wpv-column-2c70a3b181f9bc71d92370c26a404e2d\" ><p>&#8220;El Sr. Fishman ayud\u00f3 con la renovaci\u00f3n de mi TPS y qued\u00e9 muy contento con su trabajo. Trabajaron r\u00e1pidamente y respondieron muy bien a cualquier pregunta que tuviera. Recomiendo Monteiro y Fishman a toda mi familia y amigos &#8220;.<strong><br \/>\n\u2013 Herber<\/strong>\u00b8 <em><br \/>\nAprobado I-821 e I-765,<\/em><br \/>\nHempstead, NY<\/div>\n<div class=\"wpv-grid grid-1-3  wpv-first-level unextended\" style=\"padding-top:0px;padding-bottom:0px\" id=\"wpv-column-3bd22e7430443a9c8caf42d8699ac1f7\" ><p>&#8220;El Sr. Fishman y Evelyn siempre est\u00e1n ah\u00ed para explicar el siguiente paso en mi caso. S\u00e9 que puedo confiar en ellos para que me digan la verdad.<br \/>\n\u2013<strong>Ana<\/strong>, <em><br \/>\nAprobado I-765 y pendiente I-589, <\/em><br \/>\nHempstead, NY<\/div>\n<div class=\"wpv-grid grid-1-3  wpv-first-level unextended\" style=\"padding-top:0px;padding-bottom:0px\" id=\"wpv-column-87d0314bc0cf5b7cc088fe88b2119614\" ><p>\u201cMe encanta que el Sr. Fishman siempre est\u00e9 feliz de ver a sus clientes. \u00a1Nos ayud\u00f3 a solicitar una visa especial de inmigrante juvenil para nuestro hijo y fue aprobada! \u201d<br \/>\n\u2013 <strong>Gregoria<\/strong>, <em><br \/>\nAprobado I-360, <\/em><br \/>\nHempstead, NY<\/div><\/div>\n<div class=\"push\" style='height:30px'><\/div>\n<div class=\"row \"><div class=\"wpv-grid grid-1-3  wpv-first-level first unextended\" style=\"padding-top:0px;padding-bottom:0px\" id=\"wpv-column-32fb4478dfc69bb233c2f1b498cbe9cf\" ><p>\u201cTengo muchos amigos que han usado al Sr. Fishman para sus casos de inmigraci\u00f3n y todos lo han recomendado mucho. Sab\u00eda que cuando llegaba el momento de solicitar mi ciudadan\u00eda, solo ten\u00eda que acudir a un abogado y estoy muy feliz de haberlo hecho&#8221;<br \/>\n\u2013<strong>Martin<\/strong>, <em><br \/>\nPendiente N-400, <\/em><br \/>\nHempstead, NY<\/div><\/div>\n","protected":false},"excerpt":{"rendered":"<p>\u201cMuy profesional, amable y eficiente. Estuvieron all\u00ed con nosotros en cada paso del camino y nos hicieron sentir c\u00f3modos con el proceso \u201d. \u2013 Mary, Aprobado I-130 y residencia permanente, Yonkers, NY \u201c\u00a1Despu\u00e9s de 10 a\u00f1os de espera, Monteiro y Fishman aprobaron mi exenci\u00f3n! Estoy muy agradecido de haber conocido al Sr. Fishman y espero&#8230;<\/p>\n","protected":false},"author":1,"featured_media":0,"parent":0,"menu_order":0,"comment_status":"closed","ping_status":"closed","template":"","meta":{"footnotes":""},"class_list":["post-12274","page","type-page","status-publish","hentry"],"_links":{"self":[{"href":"https:\/\/www.immigrationli.com\/spanish\/wp-json\/wp\/v2\/pages\/12274","targetHints":{"allow":["GET"]}}],"collection":[{"href":"https:\/\/www.immigrationli.com\/spanish\/wp-json\/wp\/v2\/pages"}],"about":[{"href":"https:\/\/www.immigrationli.com\/spanish\/wp-json\/wp\/v2\/types\/page"}],"author":[{"embeddable":true,"href":"https:\/\/www.immigrationli.com\/spanish\/wp-json\/wp\/v2\/users\/1"}],"replies":[{"embeddable":true,"href":"https:\/\/www.immigrationli.com\/spanish\/wp-json\/wp\/v2\/comments?post=12274"}],"version-history":[{"count":47,"href":"https:\/\/www.immigrationli.com\/spanish\/wp-json\/wp\/v2\/pages\/12274\/revisions"}],"predecessor-version":[{"id":12483,"href":"https:\/\/www.immigrationli.com\/spanish\/wp-json\/wp\/v2\/pages\/12274\/revisions\/12483"}],"wp:attachment":[{"href":"https:\/\/www.immigrationli.com\/spanish\/wp-json\/wp\/v2\/media?parent=12274"}],"curies":[{"name":"wp","href":"https:\/\/api.w.org\/{rel}","templated":true}]}}