{"id":12134,"date":"2019-08-20T12:34:17","date_gmt":"2019-08-20T16:34:17","guid":{"rendered":"http:\/\/www.immigrationli.com\/spanish\/?page_id=12134"},"modified":"2026-04-16T19:10:23","modified_gmt":"2026-04-16T23:10:23","slug":"abogados-inmigracion","status":"publish","type":"page","link":"https:\/\/www.immigrationli.com\/spanish\/","title":{"rendered":"Abogados de inmigraci\u00f3n, Hempstead, Nassau County, Suffolk, Long Island"},"content":{"rendered":"<div class=\"row \"><div class=\"wpv-grid grid-1-1  wpv-first-level first unextended\" style=\"padding-top:0px;padding-bottom:0px\" id=\"wpv-column-71834a648de4c25fe4bf8c89b4ec1ea4\" ><\/div><\/div>\n<div class=\"row \"><div class=\"wpv-grid grid-1-1 move-into-slider-2 wpv-first-level first unextended\" style=\"padding-top:0px;padding-bottom:0px\" id=\"wpv-column-25d725b7cde47f5e4ea51076167766db\" ><div class=\"row \"><div class=\"wpv-grid grid-1-1  first unextended\" style=\"padding-top:0px;padding-bottom:0px\" id=\"wpv-column-e5205315e81ee57401f4423c96a1c4ca\" ><div class=\"services has-more \" id=\"wpv-expandable-9e47e4e247d8c8f377609f3fe9ae11f7\">\n\t<div class=\"closed services-inside\">\n\t\t<div class=\"services-content-wrapper clearfix\">\n\t\t\t\n\t\t\t\t\t\t <div class=\"push\" style='margin-bottom:-60px'><\/div>\n<p style=\"text-align: center;\"><span class='icon shortcode  inverted-colors use-hover' style='font-size:30px !important;color:#808080;background:#fff;'><\/span>\n<h3 style=\"text-align: center;\"><span class=\"accent-2\">\u00bfVives en Nassau, Suffolk o Queens?<br \/>\ny necesita ayuda de abogados de inmigraci\u00f3n? <\/span><\/h3>\n<p style=\"text-align: left;\"><span class=\"accent-6\">Hoy est\u00e1n sucediendo muchas cosas en el mundo. En los Estados Unidos las leyes de inmigraci\u00f3n han sufrido cambios importantes. Debido a que el Congreso de los Estados Unidos no ha podido llegar a un acuerdo sobre la reforma migratoria, entonces el Presidente toma las decisiones y las cuestiona en los tribunales, generando incertidumbre y confusi\u00f3n en los inmigrantes. Las leyes de TPS y DACA son actualmente inestables. Los procedimientos de expulsi\u00f3n se est\u00e1n procesando con m\u00e1s fuerza que nunca y usted necesita una firma de abogados de inmigracion que lo pueda guiar correctamente en su estado migratorio.<\/span><\/p>\n<p style=\"text-align: left;\"><span class=\"accent-6\">Este entorno de incertidumbre, puede ser aterrador para usted y sus seres queridos. Es posible que se sienta confundido acerca de las leyes actuales de inmigracion y tenga preguntas sobre su estado migratorio o quiz\u00e1 no est\u00e9 seguro de si tiene alguna opci\u00f3n legal para permanecer en los Estados Unidos. Ahora, m\u00e1s que nunca, es importante contar con un abogado inteligente y experimentado que lo ayude a navegar por el sistema de inmigraci\u00f3n de EE. UU. En Monteiro &amp; Fishman, LLP, abogados de inmigracion, podemos responder sus preguntas, guiarlo a trav\u00e9s del proceso de inmigraci\u00f3n y explorar todas las opciones legales. Nos especializamos en defensa de deportaci\u00f3n, peticiones familiares y peticiones de asilo. Ll\u00e1menos ahora, sin costo, para hablar sobre su asunto. Podemos programar una cita o responder preguntas b\u00e1sicas por tel\u00e9fono al (516) 280-4600<br \/>\n<\/span><\/p>\n\n\t\t<\/div>\n\t<\/div>\n\t<div class=\"open services-inside\">\n\t\t<div class=\"services-content-wrapper\">\n\t\t\t<div class=\"row\">\n\t\t\t\t\n\t\t\t<\/div>\n\t\t<\/div>\n\t<\/div>\n<\/div>\n<style scoped>#wpv-expandable-9e47e4e247d8c8f377609f3fe9ae11f7 .closed{background-color:#fff;}#wpv-expandable-9e47e4e247d8c8f377609f3fe9ae11f7 .closed,#wpv-expandable-9e47e4e247d8c8f377609f3fe9ae11f7 .closed p,#wpv-expandable-9e47e4e247d8c8f377609f3fe9ae11f7 .closed .sep-text h2.regular-title-wrapper,#wpv-expandable-9e47e4e247d8c8f377609f3fe9ae11f7 .closed .text-divider-double,#wpv-expandable-9e47e4e247d8c8f377609f3fe9ae11f7 .closed .sep-text .sep-text-line,#wpv-expandable-9e47e4e247d8c8f377609f3fe9ae11f7 .closed .sep,#wpv-expandable-9e47e4e247d8c8f377609f3fe9ae11f7 .closed .sep-2,#wpv-expandable-9e47e4e247d8c8f377609f3fe9ae11f7 .closed .sep-3,#wpv-expandable-9e47e4e247d8c8f377609f3fe9ae11f7 .closed h1,#wpv-expandable-9e47e4e247d8c8f377609f3fe9ae11f7 .closed h2,#wpv-expandable-9e47e4e247d8c8f377609f3fe9ae11f7 .closed h3,#wpv-expandable-9e47e4e247d8c8f377609f3fe9ae11f7 .closed h4,#wpv-expandable-9e47e4e247d8c8f377609f3fe9ae11f7 .closed h5,#wpv-expandable-9e47e4e247d8c8f377609f3fe9ae11f7 .closed h6,#wpv-expandable-9e47e4e247d8c8f377609f3fe9ae11f7 .closed td,#wpv-expandable-9e47e4e247d8c8f377609f3fe9ae11f7 .closed th,#wpv-expandable-9e47e4e247d8c8f377609f3fe9ae11f7 .closed caption{color:#808080;}#wpv-expandable-9e47e4e247d8c8f377609f3fe9ae11f7 .open{background:#4a4f55;}#wpv-expandable-9e47e4e247d8c8f377609f3fe9ae11f7 .open,#wpv-expandable-9e47e4e247d8c8f377609f3fe9ae11f7 .open p,#wpv-expandable-9e47e4e247d8c8f377609f3fe9ae11f7 .open .sep-text h2.regular-title-wrapper,#wpv-expandable-9e47e4e247d8c8f377609f3fe9ae11f7 .open .text-divider-double,#wpv-expandable-9e47e4e247d8c8f377609f3fe9ae11f7 .open .sep-text .sep-text-line,#wpv-expandable-9e47e4e247d8c8f377609f3fe9ae11f7 .open .sep,#wpv-expandable-9e47e4e247d8c8f377609f3fe9ae11f7 .open .sep-2,#wpv-expandable-9e47e4e247d8c8f377609f3fe9ae11f7 .open .sep-3,#wpv-expandable-9e47e4e247d8c8f377609f3fe9ae11f7 .open h1,#wpv-expandable-9e47e4e247d8c8f377609f3fe9ae11f7 .open h2,#wpv-expandable-9e47e4e247d8c8f377609f3fe9ae11f7 .open h3,#wpv-expandable-9e47e4e247d8c8f377609f3fe9ae11f7 .open h4,#wpv-expandable-9e47e4e247d8c8f377609f3fe9ae11f7 .open h5,#wpv-expandable-9e47e4e247d8c8f377609f3fe9ae11f7 .open h6,#wpv-expandable-9e47e4e247d8c8f377609f3fe9ae11f7 .open td,#wpv-expandable-9e47e4e247d8c8f377609f3fe9ae11f7 .open th,#wpv-expandable-9e47e4e247d8c8f377609f3fe9ae11f7 .open caption{color:#cccfd2;}<\/style>\n<\/div><\/div><\/div><\/div>\n<div class=\"push\" style='height:30px'><\/div>\n<div class=\"row \"><div class=\"wpv-grid grid-1-1  wpv-first-level first unextended\" style=\"padding-top:0px;padding-bottom:0px\" id=\"wpv-column-6ff46a4230571a742ffb3ac9610c9db1\" >\n\t\t\t\t<p class=\"rs-p-wp-fix\"><\/p>\n\t\t\t\t<sr7-module data-alias=\"team\" data-id=\"7\" id=\"SR7_7_1\" data-version=\"6.7.53\">\n\t\t\t\t\t<sr7-adjuster><\/sr7-adjuster>\n\t\t\t\t\t<sr7-content>\n\t\t\t\t\t\t<sr7-carousel>\n\t\t\t\t\t\t<sr7-slide id=\"SR7_7_1-10\" data-key=\"10\">\n\t\t\t\t\t\t\t<sr7-bg id=\"SR7_7_1-10-slidebg\" class=\"sr7-layer\"><noscript><img decoding=\"async\" src=\"https:\/\/www.immigrationli.com\/spanish\/wp-content\/uploads\/2019\/08\/monteiro_and_fishman_immigration_lawyer.jpg\" alt=\"\" title=\"Abogados de inmigraci\u00f3n, Hempstead, Nassau County, Suffolk, Long Island\"><\/noscript><\/sr7-bg>\n\t\t\t\t\t\t<\/sr7-slide>\n\t\t\t\t\t\t<\/sr7-carousel>\n\t\t\t\t\t<\/sr7-content>\n\t\t\t\t<\/sr7-module>\n\t\t\t\t<script>\n\t\t\t\t\twindow.SR7 ??={};SR7.PMH ??={}; SR7.PMH[\"SR7_7_1\"] = {cn:100,state:false,fn: function() { if (window._tpt!==undefined && window._tpt.prepareModuleHeight !== undefined) {  _tpt.prepareModuleHeight({id:\"SR7_7_1\",el:[],type:'carousel',shdw:'0',gh:[750,750,750,450],gw:[1200,1200,778,640],vpt:['-200px'],size:{fullWidth:false, fullHeight:false},mh:'0',onh:0,onw:0,bg:{color:'#ffffff'},carousel:{pt:'0',pb:'0'},plType:'2',plColor:'#FFFFFF'});   SR7.PMH[\"SR7_7_1\"].state=true;} else if(SR7.PMH[\"SR7_7_1\"].cn-->0)\tsetTimeout( SR7.PMH[\"SR7_7_1\"].fn,19);}};SR7.PMH[\"SR7_7_1\" ].fn();\n\t\t\t\t<\/script>\n<\/div><\/div>\n<div class=\"push\" style='height:70px'><\/div>\n<div class=\"row \"><div class=\"wpv-grid grid-1-4  wpv-first-level first unextended\" style=\"padding-top:0px;padding-bottom:0px\" id=\"wpv-column-1a12dcfb4ba647b054b07d49a13d2840\" ><\/div>\n<div class=\"wpv-grid grid-2-5  wpv-first-level unextended\" style=\"padding-top:0px;padding-bottom:0px\" id=\"wpv-column-fff791418ce3d600ff3780db2da5cdff\" ><\/div><\/div>\n<div class=\"row \"><div class=\"wpv-grid grid-2-5  wpv-first-level first unextended\" style=\"padding-top:0px;padding-bottom:0px\" id=\"wpv-column-c60395d19542f18c313db0a0e8d0c843\" ><h4 style=\"text-align: left;\">Somos abogados de inmigracion especializados en:<\/h4>\n<p style=\"text-align: left;\"><a href=\"https:\/\/www.immigrationli.com\/spanish\/peticion-de-asilo\/\"><span class=\"vamtam-font-style-2\">Petici\u00f3n de asilo \u2192 <\/span><\/a><br \/>\n<a href=\"https:\/\/www.immigrationli.com\/spanish\/green-card-ciudadania-peticiones-basadas-en-la-familia\/\"><span class=\"vamtam-font-style-2\">Peticiones Basadas en la Familia \u2192 <\/span><\/a><br \/>\n<a href=\"https:\/\/www.immigrationli.com\/spanish\/estatus-especial-sijs-accion-diferida-daca\/\"><span class=\"vamtam-font-style-2\">Estatus Especial de Inmigrante Juvenil (SIJS) \u2192 <\/span><\/a><br \/>\n<a href=\"https:\/\/www.immigrationli.com\/spanish\/defensa-deportacion-expulsion\/\"><span class=\"vamtam-font-style-2\">Defensa de deportaci\u00f3n \/ expulsi\u00f3n \u2192 <\/span><\/a><\/div><\/div>\n<div class=\"push\" style='height:70px'><\/div>\n<div class=\"row \"><div class=\"wpv-grid grid-2-3  wpv-first-level first unextended\" style=\"padding-top:0px;padding-bottom:0px\" id=\"wpv-column-31253929fb18f0316bc70fa9edaea437\" >\n\t\t\t\t<p class=\"rs-p-wp-fix\"><\/p>\n\t\t\t\t<sr7-module data-alias=\"map\" data-id=\"8\" id=\"SR7_8_2\" data-version=\"6.7.53\">\n\t\t\t\t\t<sr7-adjuster><\/sr7-adjuster>\n\t\t\t\t\t<sr7-content>\n\t\t\t\t\t\t<sr7-carousel>\n\t\t\t\t\t\t<sr7-slide id=\"SR7_8_2-11\" data-key=\"11\">\n\t\t\t\t\t\t\t<sr7-bg id=\"SR7_8_2-11-slidebg\" class=\"sr7-layer\"><noscript><img decoding=\"async\" src=\"https:\/\/www.immigrationli.com\/spanish\/wp-content\/uploads\/2019\/08\/monteiro_and_fishman_immigration_lawyers_location.jpg\" alt=\"\" title=\"Abogados de inmigraci\u00f3n, Hempstead, Nassau County, Suffolk, Long Island\"><\/noscript><\/sr7-bg>\n\t\t\t\t\t\t<\/sr7-slide>\n\t\t\t\t\t\t<\/sr7-carousel>\n\t\t\t\t\t<\/sr7-content>\n\t\t\t\t<\/sr7-module>\n\t\t\t\t<script>\n\t\t\t\t\twindow.SR7 ??={};SR7.PMH ??={}; SR7.PMH[\"SR7_8_2\"] = {cn:100,state:false,fn: function() { if (window._tpt!==undefined && window._tpt.prepareModuleHeight !== undefined) {  _tpt.prepareModuleHeight({id:\"SR7_8_2\",el:[],type:'carousel',shdw:'0',gh:[400,400,750,750],gw:[750,750,778,1024],vpt:['-200px'],size:{fullWidth:false, fullHeight:false},mh:'0',onh:0,onw:0,bg:{color:'#ffffff'},carousel:{pt:'0',pb:'0'},plType:'2',plColor:'#FFFFFF'});   SR7.PMH[\"SR7_8_2\"].state=true;} else if(SR7.PMH[\"SR7_8_2\"].cn-->0)\tsetTimeout( SR7.PMH[\"SR7_8_2\"].fn,19);}};SR7.PMH[\"SR7_8_2\" ].fn();\n\t\t\t\t<\/script>\n<\/div>\n<div class=\"wpv-grid grid-1-3  wpv-first-level unextended\" style=\"padding-top:0px;padding-bottom:0px\" id=\"wpv-column-37be76a977bb7b462b02fb82cddc5ca1\" ><h4>Informaci\u00f3n de contacto<\/h4>\n<p><i class=\"fa fa-map-marker\"><\/i>91 N. Franklin St., Suite 108,<br \/>\nHempstead, NY 11550<br \/>\n<i class=\"fa fa-phone\">Tel\u00e9fono: <\/i><a href=\"tel:516-280-4600\">(516) 280-4600 <\/a><br \/>\n<i class=\"fa fa-clock-o\"><\/i>Fax: <span style=\"color: #9b0012;\">(516) 280-4530<\/span><br \/>\n<i class=\"fa fa-envelope\"> Email:<\/i><a href=\"mailto: NCastillo@mflawny.com\"> NCastillo@mflawny.com<\/a><br \/>\nHorario:<span style=\"color: #9b0012;\">\u00a0De lunes a viernes 10:00 am to 8:00 pm.<\/span><\/div><\/div>\n<div class=\"push\" style='height:50px'><\/div>\n<div class=\"push\" style='height:50px'><\/div>\n<div class=\"row \"><div class=\"wpv-grid grid-1-1  wpv-first-level first unextended\" style=\"padding-top:0px;padding-bottom:0px\" id=\"wpv-column-a0da5554800e4771c5339d067954c44e\" ><\/div><\/div>\n<div class=\"row \"><div class=\"wpv-grid grid-1-2  wpv-first-level first unextended\" style=\"padding-top:0px;padding-bottom:0px\" id=\"wpv-column-0c98557cb13047d1ec8514155cb67539\" ><p><a href=\"https:\/\/profiles.superlawyers.com\/new-york-metro\/hempstead\/lawfirm\/monteiro-fishman-llp\/ec4345e8-7496-4234-ae43-2b6c58694cf4.html\" target=\"_blank\" rel=\"noopener noreferrer\"><img loading=\"lazy\" decoding=\"async\" class=\"size-full wp-image-11898 alignright\" src=\"https:\/\/www.immigrationli.com\/spanish\/wp-content\/uploads\/2019\/08\/sl-1.png\" alt=\"Abogados Inmigracion Hempstead, Long Island\" width=\"279\" height=\"209\" srcset=\"https:\/\/www.immigrationli.com\/spanish\/wp-content\/uploads\/2019\/08\/sl-1.png 279w, https:\/\/www.immigrationli.com\/spanish\/wp-content\/uploads\/2019\/08\/sl-1-262x196.png 262w\" sizes=\"auto, (max-width: 279px) 100vw, 279px\" \/><\/a><\/div>\n<div class=\"wpv-grid grid-1-2  wpv-first-level unextended\" style=\"padding-top:0px;padding-bottom:0px\" id=\"wpv-column-d5dd3293fa183bf2b33ece22e9e225f4\" ><p><img loading=\"lazy\" decoding=\"async\" class=\"size-full wp-image-11897 alignleft\" src=\"https:\/\/www.immigrationli.com\/spanish\/wp-content\/uploads\/2019\/08\/am-1.png\" alt=\"abogados de inmigracion, DACA, SIJS, Asilo, Peticion Familiar\" width=\"279\" height=\"209\" srcset=\"https:\/\/www.immigrationli.com\/spanish\/wp-content\/uploads\/2019\/08\/am-1.png 279w, https:\/\/www.immigrationli.com\/spanish\/wp-content\/uploads\/2019\/08\/am-1-262x196.png 262w\" sizes=\"auto, (max-width: 279px) 100vw, 279px\" \/><\/div><\/div>\n<div class=\"push\" style='height:50px'><\/div>\n","protected":false},"excerpt":{"rendered":"<p>Somos abogados de inmigracion especializados en: Petici\u00f3n de asilo \u2192 Peticiones Basadas en la Familia \u2192 Estatus Especial de Inmigrante Juvenil (SIJS) \u2192 Defensa de deportaci\u00f3n \/ expulsi\u00f3n \u2192 Informaci\u00f3n de contacto 91 N. Franklin St., Suite 108, Hempstead, NY 11550 Tel\u00e9fono: (516) 280-4600 Fax: (516) 280-4530 Email: NCastillo@mflawny.com Horario:\u00a0De lunes a viernes 10:00 am&#8230;<\/p>\n","protected":false},"author":1,"featured_media":0,"parent":0,"menu_order":0,"comment_status":"closed","ping_status":"closed","template":"","meta":{"footnotes":""},"class_list":["post-12134","page","type-page","status-publish","hentry"],"_links":{"self":[{"href":"https:\/\/www.immigrationli.com\/spanish\/wp-json\/wp\/v2\/pages\/12134","targetHints":{"allow":["GET"]}}],"collection":[{"href":"https:\/\/www.immigrationli.com\/spanish\/wp-json\/wp\/v2\/pages"}],"about":[{"href":"https:\/\/www.immigrationli.com\/spanish\/wp-json\/wp\/v2\/types\/page"}],"author":[{"embeddable":true,"href":"https:\/\/www.immigrationli.com\/spanish\/wp-json\/wp\/v2\/users\/1"}],"replies":[{"embeddable":true,"href":"https:\/\/www.immigrationli.com\/spanish\/wp-json\/wp\/v2\/comments?post=12134"}],"version-history":[{"count":62,"href":"https:\/\/www.immigrationli.com\/spanish\/wp-json\/wp\/v2\/pages\/12134\/revisions"}],"predecessor-version":[{"id":12480,"href":"https:\/\/www.immigrationli.com\/spanish\/wp-json\/wp\/v2\/pages\/12134\/revisions\/12480"}],"wp:attachment":[{"href":"https:\/\/www.immigrationli.com\/spanish\/wp-json\/wp\/v2\/media?parent=12134"}],"curies":[{"name":"wp","href":"https:\/\/api.w.org\/{rel}","templated":true}]}}