{"id":12074,"date":"2019-08-19T18:44:33","date_gmt":"2019-08-19T22:44:33","guid":{"rendered":"http:\/\/www.immigrationli.com\/spanish\/?page_id=12074"},"modified":"2026-04-16T19:23:31","modified_gmt":"2026-04-16T23:23:31","slug":"defensa-deportacion-expulsion","status":"publish","type":"page","link":"https:\/\/www.immigrationli.com\/spanish\/defensa-deportacion-expulsion\/","title":{"rendered":"Defensa de deportaci\u00f3n, expulsi\u00f3n, abogados de inmigracion Hempstead"},"content":{"rendered":"<div class=\"push\" ><\/div>\n<div class=\"row \"><div class=\"wpv-grid grid-1-1  wpv-first-level first unextended\" style=\"padding-top:0px;padding-bottom:0px\" id=\"wpv-column-6df830621a0f844954a8a9972d100e8a\" ><h3>Defensa de deportaci\u00f3n \/ expulsi\u00f3n<br \/>\n<div class=\"push\" style='height:20px'><\/div><\/h3>\n<p>La deportaci\u00f3n y la expulsi\u00f3n son situaciones aterradoras y generalmente comienzan cuando un no ciudadano es atrapado en los EE. UU. Sin los documentos adecuados, se alega que viol\u00f3 los t\u00e9rminos de su tarjeta verde o visa, o se alega que cometi\u00f3 un delito. El Servicio de Inmigraci\u00f3n y Control de Aduanas de EE. UU. (ICE), una divisi\u00f3n del Departamento de Seguridad Nacional (DHS), puede arrestarlo y luego iniciar un proceso de expulsi\u00f3n de inmigraci\u00f3n debido a muchas razones, incluyendo violaci\u00f3n de estado, condena penal o entrada ilegal. Desafortunadamente, el arresto por violaciones menores, como conducir sin una licencia, lo que lleva a la deportaci\u00f3n, se est\u00e1 volviendo muy com\u00fan.<\/p>\n<p>Despu\u00e9s de un arresto, es probable que el inmigrante reciba una Notificaci\u00f3n de comparecencia (NTA) de ICE que explique por qu\u00e9 se le ordena comparecer ante el tribunal. Si bien \u00e9l \/ ella tiene derecho a que un abogado los represente en la corte, los inmigrantes no tienen uno y tienen que contratar a los suyos.<\/p>\n<p>Durante los procedimientos de expulsi\u00f3n, el caso ser\u00e1 presidido y determinado por un juez que escuchar\u00e1 los argumentos del inmigrante o su abogado de inmigraci\u00f3n y los Servicios de Inmigraci\u00f3n de los EE. UU. Existen varios tipos de alivio de expulsi\u00f3n que pueden permitir que el inmigrante permanezca en los Estados Unidos. Monteiro &amp; Fishman LLP trabaja r\u00e1pidamente para preservar todos los derechos y presentar el mejor caso posible para lograr un resultado deseable. Los siguientes son ejemplos de las aplicaciones del archivo Monteiro &amp; Fishman LLP cuando se defiende contra la expulsi\u00f3n y la deportaci\u00f3n:<\/p>\n<ul>\n<li style=\"list-style-type: none;\">\n<ul>\n<li>Cancelaci\u00f3n de expulsi\u00f3n para residentes permanentes (&#8220;titulares de tarjetas verdes&#8221;) y residentes no permanentes<\/li>\n<li>Audiencias de fianza y detenci\u00f3n<\/li>\n<li>Exenciones por dificultades de inadmisibilidad y remoci\u00f3n por motivos que incluyen ciertos delitos y fraude \/ tergiversaci\u00f3n<\/li>\n<li>Formulario I-751 Peticiones para eliminar condiciones de residencia permanente (&#8220;tarjeta verde&#8221;)<\/li>\n<li>Ajuste de estatus a residente permanente (&#8220;tarjeta verde&#8221;) basado en la familia y el empleo<\/li>\n<li>Asilo, retenci\u00f3n de deportaci\u00f3n y protecci\u00f3n bajo la Convenci\u00f3n de la ONU contra la Tortura<\/li>\n<li>Estado de protecci\u00f3n temporal (TPS)<\/li>\n<li>Visas U para v\u00edctimas de ciertos delitos<\/li>\n<li>Discreci\u00f3n Fiscal y Cierre Administrativo<\/li>\n<li>Mociones para reabrir, reconsiderar y exigir casos de tribunales de inmigraci\u00f3n<\/li>\n<\/ul>\n<\/li>\n<\/ul>\n<p><strong>Otras Areas de Practica:<\/strong><\/p>\n<p style=\"text-align: left;\"><a href=\"https:\/\/www.immigrationli.com\/spanish\/peticion-de-asilo\/\"><span class=\"vamtam-font-style-2\">Petici\u00f3n de asilo \u2192 <\/span><\/a><br \/>\n<a href=\"https:\/\/www.immigrationli.com\/spanish\/green-card-ciudadania-peticiones-basadas-en-la-familia\/\"><span class=\"vamtam-font-style-2\">Peticiones Basadas en la Familia \u2192 <\/span><\/a><br \/>\n<a href=\"https:\/\/www.immigrationli.com\/spanish\/estatus-especial-sijs-accion-diferida-daca\/\"><span class=\"vamtam-font-style-2\">Estatus Especial de Inmigrante Juvenil (SIJS) \u2192 <\/span><\/a><\/div><\/div>\n","protected":false},"excerpt":{"rendered":"<p>Defensa de deportaci\u00f3n \/ expulsi\u00f3n La deportaci\u00f3n y la expulsi\u00f3n son situaciones aterradoras y generalmente comienzan cuando un no ciudadano es atrapado en los EE. UU. Sin los documentos adecuados, se alega que viol\u00f3 los t\u00e9rminos de su tarjeta verde o visa, o se alega que cometi\u00f3 un delito. El Servicio de Inmigraci\u00f3n y Control&#8230;<\/p>\n","protected":false},"author":1,"featured_media":0,"parent":0,"menu_order":0,"comment_status":"closed","ping_status":"closed","template":"","meta":{"footnotes":""},"class_list":["post-12074","page","type-page","status-publish","hentry"],"_links":{"self":[{"href":"https:\/\/www.immigrationli.com\/spanish\/wp-json\/wp\/v2\/pages\/12074","targetHints":{"allow":["GET"]}}],"collection":[{"href":"https:\/\/www.immigrationli.com\/spanish\/wp-json\/wp\/v2\/pages"}],"about":[{"href":"https:\/\/www.immigrationli.com\/spanish\/wp-json\/wp\/v2\/types\/page"}],"author":[{"embeddable":true,"href":"https:\/\/www.immigrationli.com\/spanish\/wp-json\/wp\/v2\/users\/1"}],"replies":[{"embeddable":true,"href":"https:\/\/www.immigrationli.com\/spanish\/wp-json\/wp\/v2\/comments?post=12074"}],"version-history":[{"count":12,"href":"https:\/\/www.immigrationli.com\/spanish\/wp-json\/wp\/v2\/pages\/12074\/revisions"}],"predecessor-version":[{"id":12488,"href":"https:\/\/www.immigrationli.com\/spanish\/wp-json\/wp\/v2\/pages\/12074\/revisions\/12488"}],"wp:attachment":[{"href":"https:\/\/www.immigrationli.com\/spanish\/wp-json\/wp\/v2\/media?parent=12074"}],"curies":[{"name":"wp","href":"https:\/\/api.w.org\/{rel}","templated":true}]}}