{"id":12068,"date":"2019-08-19T18:41:13","date_gmt":"2019-08-19T22:41:13","guid":{"rendered":"http:\/\/www.immigrationli.com\/spanish\/?page_id=12068"},"modified":"2026-04-16T19:22:47","modified_gmt":"2026-04-16T23:22:47","slug":"estatus-especial-sijs-accion-diferida-daca","status":"publish","type":"page","link":"https:\/\/www.immigrationli.com\/spanish\/estatus-especial-sijs-accion-diferida-daca\/","title":{"rendered":"Abogados Estatus Especial de Inmigrante Juvenil (SIJS) y Acci\u00f3n Diferida para los Llegados en la Infancia (DACA)"},"content":{"rendered":"<div class=\"push\" ><\/div>\n<div class=\"row \"><div class=\"wpv-grid grid-1-1  wpv-first-level first unextended\" style=\"padding-top:0px;padding-bottom:0px\" id=\"wpv-column-f176edfaa97f7a94b3b376a380eca401\" ><h3>Estatus Especial de Inmigrante Juvenil (SIJS) y Acci\u00f3n Diferida para los Llegados en la Infancia (DACA)<br \/>\n<div class=\"push\" style='height:20px'><\/div><\/h3>\n<p>El estatus especial de inmigrante juvenil (SIJS) permite que ciertos ni\u00f1os menores que viven en los Estados Unidos se conviertan en residentes permanentes. El primer paso es presentar una petici\u00f3n de dependencia en el Tribunal de Familia de Nassau, Suffolk o Queens. Esa petici\u00f3n le pedir\u00e1 al Tribunal de Familia que determine que el ni\u00f1o es menor de 21 a\u00f1os, que no est\u00e9 casado, que confirme que el ni\u00f1o no puede vivir con uno o ambos de sus padres debido a abuso, abandono o negligencia, y que no es lo mejor para \u00e9l. que el ni\u00f1o regrese a su pa\u00eds de nacionalidad. SIJS renuncia a varios tipos de inadmisibilidad que de otro modo evitar\u00edan que un inmigrante se convierta en un residente permanente legal. Por ejemplo, SIJS renuncia a la entrada ilegal, trabaja sin autorizaci\u00f3n, estado como una carga p\u00fablica y otras violaciones de inmigraci\u00f3n.<\/p>\n<p>Una vez que un menor recibe SIJS, \u00e9l \/ ella podr\u00e1 ajustar su estado al de un residente permanente legal, obtener autorizaci\u00f3n de trabajo y eventualmente solicitar la ciudadan\u00eda estadounidense. Monteiro &amp; Fishman LLP puede ayudarlo a preparar y presentar una solicitud ante el USCIS para convertirse en un residente legal permanente de los Estados Unidos en funci\u00f3n de la orden de dependencia obtenida del tribunal de menores, o una solicitud para convertirse en un residente legal permanente. El proceso para obtener SIJS es arduo e involucra muchas etapas, pero podemos ayudarlo a usted y a su hijo en cada paso del proceso para asegurar que su caso SIJS tenga la mejor oportunidad de \u00e9xito.<\/p>\n<p>La Acci\u00f3n Diferida para los Llegados en la Infancia (DACA) es una pol\u00edtica que permite que ciertos inmigrantes indocumentados a los Estados Unidos que ingresaron al pa\u00eds antes de cumplir 16 a\u00f1os y antes de junio de 2007 reciban un permiso de trabajo renovable de dos a\u00f1os y exenci\u00f3n de deportaci\u00f3n. Para calificar, el solicitante debe demostrar que el 15 de junio de 2012 era menor de 31 a\u00f1os, estaba f\u00edsicamente presente en los Estados Unidos y no ten\u00eda estatus legal.<\/p>\n<p><span class=\"tlid-translation translation\" lang=\"es\"><span title=\"\">A partir de la fecha en que el solicitante presenta la solicitud, debe haber residido continuamente en los EE. UU. Desde el 15 de junio de 2007, haber llegado a los EE. UU. Antes de cumplir 16 a\u00f1os, estar f\u00edsicamente presente en los EE. UU. Y asistir a la escuela, haberse graduado de<\/span> <span class=\"\" title=\"\">una escuela secundaria de EE. UU. (o programa GED), o son veteranos con licencia honorable de la Guardia Costera o las Fuerzas Armadas.<\/span> <span class=\"\" title=\"\">Podemos ayudarlo con la compleja aplicaci\u00f3n DACA y brindar las mejores oportunidades posibles para el \u00e9xito.<\/span><\/span><\/p>\n<p><strong>Otras Areas de Practica:<\/strong><\/p>\n<p style=\"text-align: left;\"><a href=\"https:\/\/www.immigrationli.com\/spanish\/peticion-de-asilo\/\"><span class=\"vamtam-font-style-2\">Petici\u00f3n de asilo \u2192 <\/span><\/a><br \/>\n<a href=\"https:\/\/www.immigrationli.com\/spanish\/green-card-ciudadania-peticiones-basadas-en-la-familia\/\"><span class=\"vamtam-font-style-2\">Peticiones Basadas en la Familia \u2192 <\/span><\/a><br \/>\n<a href=\"https:\/\/www.immigrationli.com\/spanish\/defensa-deportacion-expulsion\/\"><span class=\"vamtam-font-style-2\">Defensa de deportaci\u00f3n \/ expulsi\u00f3n \u2192 <\/span><\/a><\/div><\/div>\n","protected":false},"excerpt":{"rendered":"<p>Estatus Especial de Inmigrante Juvenil (SIJS) y Acci\u00f3n Diferida para los Llegados en la Infancia (DACA) El estatus especial de inmigrante juvenil (SIJS) permite que ciertos ni\u00f1os menores que viven en los Estados Unidos se conviertan en residentes permanentes. El primer paso es presentar una petici\u00f3n de dependencia en el Tribunal de Familia de Nassau,&#8230;<\/p>\n","protected":false},"author":1,"featured_media":0,"parent":0,"menu_order":0,"comment_status":"closed","ping_status":"closed","template":"","meta":{"footnotes":""},"class_list":["post-12068","page","type-page","status-publish","hentry"],"_links":{"self":[{"href":"https:\/\/www.immigrationli.com\/spanish\/wp-json\/wp\/v2\/pages\/12068","targetHints":{"allow":["GET"]}}],"collection":[{"href":"https:\/\/www.immigrationli.com\/spanish\/wp-json\/wp\/v2\/pages"}],"about":[{"href":"https:\/\/www.immigrationli.com\/spanish\/wp-json\/wp\/v2\/types\/page"}],"author":[{"embeddable":true,"href":"https:\/\/www.immigrationli.com\/spanish\/wp-json\/wp\/v2\/users\/1"}],"replies":[{"embeddable":true,"href":"https:\/\/www.immigrationli.com\/spanish\/wp-json\/wp\/v2\/comments?post=12068"}],"version-history":[{"count":15,"href":"https:\/\/www.immigrationli.com\/spanish\/wp-json\/wp\/v2\/pages\/12068\/revisions"}],"predecessor-version":[{"id":12487,"href":"https:\/\/www.immigrationli.com\/spanish\/wp-json\/wp\/v2\/pages\/12068\/revisions\/12487"}],"wp:attachment":[{"href":"https:\/\/www.immigrationli.com\/spanish\/wp-json\/wp\/v2\/media?parent=12068"}],"curies":[{"name":"wp","href":"https:\/\/api.w.org\/{rel}","templated":true}]}}