{"id":12058,"date":"2019-08-19T18:14:04","date_gmt":"2019-08-19T22:14:04","guid":{"rendered":"http:\/\/www.immigrationli.com\/spanish\/?page_id=12058"},"modified":"2026-04-16T19:22:03","modified_gmt":"2026-04-16T23:22:03","slug":"peticion-de-asilo","status":"publish","type":"page","link":"https:\/\/www.immigrationli.com\/spanish\/peticion-de-asilo\/","title":{"rendered":"Petici\u00f3n de asilo, abogados de Inmigracion Nassau and Suffolk County, NY"},"content":{"rendered":"<div class=\"push\" ><\/div>\n<div class=\"row \"><div class=\"wpv-grid grid-1-1  wpv-first-level first unextended\" style=\"padding-top:0px;padding-bottom:0px\" id=\"wpv-column-8dbd492203cb65ef7c2c420ccadb5d58\" ><h3>Petici\u00f3n de asilo<br \/>\n<div class=\"push\" style='height:20px'><\/div><\/h3>\n<p>Las personas pueden obtener asilo o estatus de refugiado en los Estados Unidos si tienen un temor fundado de persecuci\u00f3n del gobierno, o de un grupo que el gobierno no puede o no quiere controlar. El solicitante debe demostrar que sufrir\u00e1 alg\u00fan da\u00f1o o castigo por poseer una creencia o caracter\u00edstica que el perseguidor intenta superar. La persecuci\u00f3n debe ser por uno de los siguientes cinco motivos: raza, religi\u00f3n, nacionalidad, pertenencia a un grupo social en particular u opini\u00f3n pol\u00edtica. Si temes por tu vida debido a tu religi\u00f3n, raza, nacionalidad u opini\u00f3n pol\u00edtica y no puedes regresar a tu pa\u00eds de origen, entonces puedes solicitar asilo. Monteiro &amp; Fishman LLP lo ayudar\u00e1 a comprender si re\u00fane los requisitos para alguno de los siguientes: (i) <strong>Asilo<\/strong>: para aquellos que han huido de sus pa\u00edses de origen por temor a la persecuci\u00f3n; (ii) <strong>Estatuto de refugiado:<\/strong> para aquellos que buscan recibir protecci\u00f3n contra la persecuci\u00f3n que ocurre en sus pa\u00edses de origen antes de ingresar a los Estados Unidos. Si se le otorga asilo, tambi\u00e9n puede solicitar traer a su familia a los Estados Unidos; (iii) <strong>Retenci\u00f3n:<\/strong> para aquellos que buscan detener un proceso de expulsi\u00f3n basado en el estatuto de refugiado o que temen que regresar a su pa\u00eds pueda resultar en su muerte o ser sometido a tortura; y (iv) <strong>Convenci\u00f3n contra la Tortura:<\/strong> para aquellos que temen que un regreso a su pa\u00eds resulte en un peligro inminente como tortura, muerte o persecuci\u00f3n.<\/p>\n<p><strong>Otras Areas de Practica:<\/strong><\/p>\n<p><a href=\"https:\/\/www.immigrationli.com\/spanish\/green-card-ciudadania-peticiones-basadas-en-la-familia\/\"><span class=\"vamtam-font-style-2\">Peticiones Basadas en la Familia \u2192 <\/span><\/a><br \/>\n<a href=\"https:\/\/www.immigrationli.com\/spanish\/estatus-especial-sijs-accion-diferida-daca\/\"><span class=\"vamtam-font-style-2\">Estatus Especial de Inmigrante Juvenil (SIJS) \u2192 <\/span><\/a><br \/>\n<a href=\"https:\/\/www.immigrationli.com\/spanish\/defensa-deportacion-expulsion\/\"><span class=\"vamtam-font-style-2\">Defensa de deportaci\u00f3n \/ expulsi\u00f3n \u2192 <\/span><\/a><\/div><\/div>\n","protected":false},"excerpt":{"rendered":"<p>Petici\u00f3n de asilo Las personas pueden obtener asilo o estatus de refugiado en los Estados Unidos si tienen un temor fundado de persecuci\u00f3n del gobierno, o de un grupo que el gobierno no puede o no quiere controlar. El solicitante debe demostrar que sufrir\u00e1 alg\u00fan da\u00f1o o castigo por poseer una creencia o caracter\u00edstica que&#8230;<\/p>\n","protected":false},"author":1,"featured_media":0,"parent":0,"menu_order":0,"comment_status":"closed","ping_status":"closed","template":"","meta":{"footnotes":""},"class_list":["post-12058","page","type-page","status-publish","hentry"],"_links":{"self":[{"href":"https:\/\/www.immigrationli.com\/spanish\/wp-json\/wp\/v2\/pages\/12058","targetHints":{"allow":["GET"]}}],"collection":[{"href":"https:\/\/www.immigrationli.com\/spanish\/wp-json\/wp\/v2\/pages"}],"about":[{"href":"https:\/\/www.immigrationli.com\/spanish\/wp-json\/wp\/v2\/types\/page"}],"author":[{"embeddable":true,"href":"https:\/\/www.immigrationli.com\/spanish\/wp-json\/wp\/v2\/users\/1"}],"replies":[{"embeddable":true,"href":"https:\/\/www.immigrationli.com\/spanish\/wp-json\/wp\/v2\/comments?post=12058"}],"version-history":[{"count":12,"href":"https:\/\/www.immigrationli.com\/spanish\/wp-json\/wp\/v2\/pages\/12058\/revisions"}],"predecessor-version":[{"id":12486,"href":"https:\/\/www.immigrationli.com\/spanish\/wp-json\/wp\/v2\/pages\/12058\/revisions\/12486"}],"wp:attachment":[{"href":"https:\/\/www.immigrationli.com\/spanish\/wp-json\/wp\/v2\/media?parent=12058"}],"curies":[{"name":"wp","href":"https:\/\/api.w.org\/{rel}","templated":true}]}}