{"id":11972,"date":"2019-08-16T19:28:06","date_gmt":"2019-08-16T23:28:06","guid":{"rendered":"http:\/\/www.immigrationli.com\/spanish\/?page_id=11972"},"modified":"2026-04-16T19:26:43","modified_gmt":"2026-04-16T23:26:43","slug":"evelyn-sanchez","status":"publish","type":"page","link":"https:\/\/www.immigrationli.com\/spanish\/abogados-inmigracion-ny\/evelyn-sanchez\/","title":{"rendered":"Evelyn Sanchez"},"content":{"rendered":"<div class=\"row \"><div class=\"wpv-grid grid-1-1  wpv-first-level first unextended\" style=\"padding-top:0px;padding-bottom:0px\" id=\"wpv-column-b8f2c6d6ff82881a59ce1fbaa233b722\" ><\/div><\/div>\n<div class=\"row \"><div class=\"wpv-grid grid-2-3  wpv-first-level first has-background unextended\" style=\"\n\t\t\t\tbackground: url( 'http:\/\/www.immigrationli.com\/spanish\/wp-content\/uploads\/2019\/08\/Evelyn_Sanchez_1.jpg' ) no-repeat center top;\n\t\t\t\tbackground-size: auto;\n\t\t\tpadding-top:500px;padding-bottom:0px\" id=\"wpv-column-0dbb905c503058a3d255180507eb3424\" ><\/div>\n<div class=\"wpv-grid grid-1-3 add-border wpv-first-level unextended\" style=\"padding-top:20px;padding-bottom:15px\" id=\"wpv-column-0ec6252fb03f4aa95a7d60b89bb5795f\" ><div class=\"row \"><div class=\"wpv-grid grid-1-1  first unextended animation-fade-in animated-active\" style=\"padding-top:0px;padding-bottom:0px\" id=\"wpv-column-8d152f4adb892ae49df1620ff3493afd\" ><h4 style=\"padding-left: 20px;\">CONTACT<\/h4>\n<p style=\"padding-left: 20px;\">Phone: <span style=\"color: #9b0012;\">(516) 280 &#8211; 4600 <\/span><br \/>\nEmail: <a href=\"mailto:esanchez@mflawny.com\">esanchez@mflawny.com<\/a><\/div><\/div><\/div><\/div>\n<div class=\"push\" style='height:20px'><\/div>\n<div class=\"row \"><div class=\"wpv-grid grid-1-1  wpv-first-level first unextended\" style=\"padding-top:0px;padding-bottom:0px\" id=\"wpv-column-868fb56c0d1bd7560ba75c19f24d936f\" ><h3>Biograf\u00eda<\/h3>\n<p>Evelyn S\u00e1nchez se uni\u00f3 a Monteiro &amp; Fishman, LLP como asistente legal, enfocada exclusivamente en los clientes de inmigraci\u00f3n de la Firma. Junto con los abogados, la Srta. S\u00e1nchez trabaja estrecha y personalmente con cada cliente para identificar sus necesidades e inquietudes espec\u00edficas y garantiza que los clientes comprendan cada paso del proceso de inmigraci\u00f3n.<\/p>\n<p>Antes de comenzar Monteiro &amp; Fishman LLP, la Sra. S\u00e1nchez obtuvo una experiencia considerable en derecho de inmigraci\u00f3n, interpretando consultas y traduciendo documentos, y prepar\u00f3 solicitudes basadas en tribunales de inmigraci\u00f3n y familiares. La Srta. S\u00e1nchez tambi\u00e9n realiz\u00f3 una pasant\u00eda en el Centro de Acci\u00f3n Transformativa en Ithaca, Nueva York, mientras asist\u00eda a la Universidad de Cornell.<\/p>\n<div class=\"push\" style='height:20px'><\/div>\n<h3>Educaci\u00f3n<\/h3>\n<p>La Srta. S\u00e1nchez era la salutatorian de su escuela secundaria. Ella es graduada de la Universidad de Cornell, con un B.S. en Sociolog\u00eda del Desarrollo de la Facultad de Agricultura y Ciencias de la Vida con menores en Estudios de Desigualdad y Derecho y Sociedad.<\/p>\n<div class=\"push\" style='height:20px'><\/div><\/div><\/div>\n","protected":false},"excerpt":{"rendered":"<p>CONTACT Phone: (516) 280 &#8211; 4600 Email: esanchez@mflawny.com Biograf\u00eda Evelyn S\u00e1nchez se uni\u00f3 a Monteiro &amp; Fishman, LLP como asistente legal, enfocada exclusivamente en los clientes de inmigraci\u00f3n de la Firma. Junto con los abogados, la Srta. S\u00e1nchez trabaja estrecha y personalmente con cada cliente para identificar sus necesidades e inquietudes espec\u00edficas y garantiza que&#8230;<\/p>\n","protected":false},"author":1,"featured_media":0,"parent":7774,"menu_order":0,"comment_status":"closed","ping_status":"open","template":"","meta":{"footnotes":""},"class_list":["post-11972","page","type-page","status-publish","hentry"],"_links":{"self":[{"href":"https:\/\/www.immigrationli.com\/spanish\/wp-json\/wp\/v2\/pages\/11972","targetHints":{"allow":["GET"]}}],"collection":[{"href":"https:\/\/www.immigrationli.com\/spanish\/wp-json\/wp\/v2\/pages"}],"about":[{"href":"https:\/\/www.immigrationli.com\/spanish\/wp-json\/wp\/v2\/types\/page"}],"author":[{"embeddable":true,"href":"https:\/\/www.immigrationli.com\/spanish\/wp-json\/wp\/v2\/users\/1"}],"replies":[{"embeddable":true,"href":"https:\/\/www.immigrationli.com\/spanish\/wp-json\/wp\/v2\/comments?post=11972"}],"version-history":[{"count":11,"href":"https:\/\/www.immigrationli.com\/spanish\/wp-json\/wp\/v2\/pages\/11972\/revisions"}],"predecessor-version":[{"id":12493,"href":"https:\/\/www.immigrationli.com\/spanish\/wp-json\/wp\/v2\/pages\/11972\/revisions\/12493"}],"up":[{"embeddable":true,"href":"https:\/\/www.immigrationli.com\/spanish\/wp-json\/wp\/v2\/pages\/7774"}],"wp:attachment":[{"href":"https:\/\/www.immigrationli.com\/spanish\/wp-json\/wp\/v2\/media?parent=11972"}],"curies":[{"name":"wp","href":"https:\/\/api.w.org\/{rel}","templated":true}]}}