{"id":11966,"date":"2019-08-16T19:21:04","date_gmt":"2019-08-16T23:21:04","guid":{"rendered":"http:\/\/www.immigrationli.com\/spanish\/?page_id=11966"},"modified":"2026-04-16T19:26:12","modified_gmt":"2026-04-16T23:26:12","slug":"katalina-davila","status":"publish","type":"page","link":"https:\/\/www.immigrationli.com\/spanish\/abogados-inmigracion-ny\/katalina-davila\/","title":{"rendered":"Katalina Davila"},"content":{"rendered":"<div class=\"row \"><div class=\"wpv-grid grid-1-1  wpv-first-level first unextended\" style=\"padding-top:0px;padding-bottom:0px\" id=\"wpv-column-13013f85eb7b23e34a4495ed33f2d83c\" ><\/div><\/div>\n<div class=\"row \"><div class=\"wpv-grid grid-2-3  wpv-first-level first has-background unextended\" style=\"\n\t\t\t\tbackground: url( 'http:\/\/www.immigrationli.com\/spanish\/wp-content\/uploads\/2019\/08\/Katalina_Davila_1.jpg' ) no-repeat center top;\n\t\t\t\tbackground-size: auto;\n\t\t\tpadding-top:500px;padding-bottom:0px\" id=\"wpv-column-90172baf1648084d19eb687fa7f912b4\" ><\/div>\n<div class=\"wpv-grid grid-1-3 add-border wpv-first-level unextended\" style=\"padding-top:20px;padding-bottom:15px\" id=\"wpv-column-741df84b8aedc2274c55d04bab902e5b\" ><div class=\"row \"><div class=\"wpv-grid grid-1-1  first unextended animation-fade-in animated-active\" style=\"padding-top:0px;padding-bottom:0px\" id=\"wpv-column-57c87d034c6e5e2f42d7f7be6d80988c\" ><h4 style=\"padding-left: 20px;\">CONTACT<\/h4>\n<p style=\"padding-left: 20px;\">Phone: <span style=\"color: #9b0012;\">(516) 280 &#8211; 4600 <\/span><br \/>\nEmail: <a href=\"mailto:kdavila@mflawny.com\">kdavila@mflawny.com<\/a><\/div><\/div><\/div><\/div>\n<div class=\"push\" style='height:20px'><\/div>\n<div class=\"row \"><div class=\"wpv-grid grid-1-1  wpv-first-level first unextended\" style=\"padding-top:0px;padding-bottom:0px\" id=\"wpv-column-30546a9937b2e9d617c978d3fb1c5b3d\" ><h3>Biograf\u00eda<\/h3>\n<p>Katalina Davila ha estado con Monteiro &amp; Fishman, LLP desde 2012 como asistente legal. La Sra. Davila ayuda a los abogados con una amplia gama de casos complejos de inmigraci\u00f3n, que incluyen defensa de deportaci\u00f3n, peticiones de inmigraci\u00f3n familiar, procesamiento consular, exenciones de inadmisibilidad y solicitudes de naturalizaci\u00f3n. Su pasi\u00f3n por la ley de inmigraci\u00f3n proviene de ver a su madre, una nativa ecuatoriana, navegar el complejo proceso de inmigraci\u00f3n, conduci\u00e9ndola a su ciudadan\u00eda estadounidense. Le gusta conocer gente nueva y escuchar sus historias.<\/p>\n<p>La Srta. D\u00e1vila habla ingl\u00e9s y espa\u00f1ol con fluidez.<\/p>\n<div class=\"push\" style='height:20px'><\/div>\n<h3>Educaci\u00f3n<\/h3>\n<p>La Sra. Davila era la salutatorian de su escuela secundaria. Ella es graduada de Hunter College, con un B.S. doble especializaci\u00f3n en Historia y Ciencias Pol\u00edticas.<\/p>\n<div class=\"push\" style='height:20px'><\/div><\/div><\/div>\n","protected":false},"excerpt":{"rendered":"<p>CONTACT Phone: (516) 280 &#8211; 4600 Email: kdavila@mflawny.com Biograf\u00eda Katalina Davila ha estado con Monteiro &amp; Fishman, LLP desde 2012 como asistente legal. La Sra. Davila ayuda a los abogados con una amplia gama de casos complejos de inmigraci\u00f3n, que incluyen defensa de deportaci\u00f3n, peticiones de inmigraci\u00f3n familiar, procesamiento consular, exenciones de inadmisibilidad y solicitudes&#8230;<\/p>\n","protected":false},"author":1,"featured_media":0,"parent":7774,"menu_order":0,"comment_status":"closed","ping_status":"open","template":"","meta":{"footnotes":""},"class_list":["post-11966","page","type-page","status-publish","hentry"],"_links":{"self":[{"href":"https:\/\/www.immigrationli.com\/spanish\/wp-json\/wp\/v2\/pages\/11966","targetHints":{"allow":["GET"]}}],"collection":[{"href":"https:\/\/www.immigrationli.com\/spanish\/wp-json\/wp\/v2\/pages"}],"about":[{"href":"https:\/\/www.immigrationli.com\/spanish\/wp-json\/wp\/v2\/types\/page"}],"author":[{"embeddable":true,"href":"https:\/\/www.immigrationli.com\/spanish\/wp-json\/wp\/v2\/users\/1"}],"replies":[{"embeddable":true,"href":"https:\/\/www.immigrationli.com\/spanish\/wp-json\/wp\/v2\/comments?post=11966"}],"version-history":[{"count":12,"href":"https:\/\/www.immigrationli.com\/spanish\/wp-json\/wp\/v2\/pages\/11966\/revisions"}],"predecessor-version":[{"id":12492,"href":"https:\/\/www.immigrationli.com\/spanish\/wp-json\/wp\/v2\/pages\/11966\/revisions\/12492"}],"up":[{"embeddable":true,"href":"https:\/\/www.immigrationli.com\/spanish\/wp-json\/wp\/v2\/pages\/7774"}],"wp:attachment":[{"href":"https:\/\/www.immigrationli.com\/spanish\/wp-json\/wp\/v2\/media?parent=11966"}],"curies":[{"name":"wp","href":"https:\/\/api.w.org\/{rel}","templated":true}]}}