{"id":11963,"date":"2019-08-16T19:16:48","date_gmt":"2019-08-16T23:16:48","guid":{"rendered":"http:\/\/www.immigrationli.com\/spanish\/?page_id=11963"},"modified":"2026-04-16T19:25:43","modified_gmt":"2026-04-16T23:25:43","slug":"nathalia-castillo","status":"publish","type":"page","link":"https:\/\/www.immigrationli.com\/spanish\/abogados-inmigracion-ny\/nathalia-castillo\/","title":{"rendered":"Nathalia Castillo"},"content":{"rendered":"<div class=\"row \"><div class=\"wpv-grid grid-2-3  wpv-first-level first has-background unextended\" style=\"\n\t\t\t\tbackground: url( 'http:\/\/www.immigrationli.com\/spanish\/wp-content\/uploads\/2019\/08\/Nathalia_Castillo_1.jpg' ) no-repeat center top;\n\t\t\t\tbackground-size: auto;\n\t\t\tpadding-top:500px;padding-bottom:0px\" id=\"wpv-column-be539843188ebb887896d38ab8917d52\" ><\/div>\n<div class=\"wpv-grid grid-1-3 add-border wpv-first-level unextended\" style=\"padding-top:20px;padding-bottom:15px\" id=\"wpv-column-ae13859613311c3c4fddc34427a71fc8\" ><div class=\"row \"><div class=\"wpv-grid grid-1-1  first unextended animation-fade-in animated-active\" style=\"padding-top:0px;padding-bottom:0px\" id=\"wpv-column-68499aaba66245cec320341a673fdfe0\" ><h4 style=\"padding-left: 20px;\">CONTACT<\/h4>\n<p style=\"padding-left: 20px;\">Phone: <span style=\"color: #9b0012;\">(516) 280 &#8211; 4600 Ext. 106<\/span><br \/>\nEmail: <a href=\"mailto:ncastillo@mflawny.com\">ncastillo@mflawny.com<\/a><\/div><\/div><\/div><\/div>\n<div class=\"push\" style='height:20px'><\/div>\n<div class=\"row \"><div class=\"wpv-grid grid-1-1  wpv-first-level first unextended\" style=\"padding-top:0px;padding-bottom:0px\" id=\"wpv-column-cdc3c8aa6e7eac8bcef1be3ac6d6ba86\" ><h3>Biograf\u00eda<\/h3>\n<p>Nathalia Castillo ha estado con Monteiro &amp; Fishman, LLP desde 2009. Tiene licencia de Paralegal y Notario P\u00fablico y gerente de la oficina de la Firma. La Sra. Castillo supervisa la administraci\u00f3n de todos los asuntos de inmigraci\u00f3n y maneja las peticiones SIJS de la Firma en los tribunales estatales. La Sra. Castillo entiende de primera mano las preocupaciones de cada cliente, ya que sus padres eran inmigrantes de Per\u00fa. Sus experiencias personales y antecedentes le permiten reconocer plenamente los desaf\u00edos personales y legales que enfrentan aquellos que desean vivir y permanecer en los Estados Unidos. Le apasiona ayudar a las personas y brindarles el mejor servicio.<\/p>\n<p>Antes de unirse a Monteiro &amp; Fishman, LLP, la Sra. Castillo hizo una pasant\u00eda en la Oficina del Senador de los EE. UU. Charles E. Schumer donde se ocup\u00f3 de las preocupaciones de los constituyentes.<\/p>\n<p>La Sra. Castillo habla ingl\u00e9s y espa\u00f1ol con fluidez.<\/p>\n<div class=\"push\" style='height:20px'><\/div>\n<h3>Educaci\u00f3n<\/h3>\n<p>Despu\u00e9s de graduarse de la Universidad de St. John, la Sra. Castillo recibi\u00f3 su Certificaci\u00f3n Paralegal de la American Bar Association de la Universidad de Long Island en C.W. Post. Mientras era estudiante de C.W. Post, la Sra. Castillo fue miembro de la Sociedad Nacional de Honor Lambda Epsilon Chi en Estudios de Asistente Legal \/ Paralegal.<\/p>\n<div class=\"push\" style='height:20px'><\/div><\/div><\/div>\n","protected":false},"excerpt":{"rendered":"<p>CONTACT Phone: (516) 280 &#8211; 4600 Ext. 106 Email: ncastillo@mflawny.com Biograf\u00eda Nathalia Castillo ha estado con Monteiro &amp; Fishman, LLP desde 2009. Tiene licencia de Paralegal y Notario P\u00fablico y gerente de la oficina de la Firma. La Sra. Castillo supervisa la administraci\u00f3n de todos los asuntos de inmigraci\u00f3n y maneja las peticiones SIJS de&#8230;<\/p>\n","protected":false},"author":1,"featured_media":0,"parent":7774,"menu_order":0,"comment_status":"closed","ping_status":"open","template":"","meta":{"footnotes":""},"class_list":["post-11963","page","type-page","status-publish","hentry"],"_links":{"self":[{"href":"https:\/\/www.immigrationli.com\/spanish\/wp-json\/wp\/v2\/pages\/11963","targetHints":{"allow":["GET"]}}],"collection":[{"href":"https:\/\/www.immigrationli.com\/spanish\/wp-json\/wp\/v2\/pages"}],"about":[{"href":"https:\/\/www.immigrationli.com\/spanish\/wp-json\/wp\/v2\/types\/page"}],"author":[{"embeddable":true,"href":"https:\/\/www.immigrationli.com\/spanish\/wp-json\/wp\/v2\/users\/1"}],"replies":[{"embeddable":true,"href":"https:\/\/www.immigrationli.com\/spanish\/wp-json\/wp\/v2\/comments?post=11963"}],"version-history":[{"count":12,"href":"https:\/\/www.immigrationli.com\/spanish\/wp-json\/wp\/v2\/pages\/11963\/revisions"}],"predecessor-version":[{"id":12491,"href":"https:\/\/www.immigrationli.com\/spanish\/wp-json\/wp\/v2\/pages\/11963\/revisions\/12491"}],"up":[{"embeddable":true,"href":"https:\/\/www.immigrationli.com\/spanish\/wp-json\/wp\/v2\/pages\/7774"}],"wp:attachment":[{"href":"https:\/\/www.immigrationli.com\/spanish\/wp-json\/wp\/v2\/media?parent=11963"}],"curies":[{"name":"wp","href":"https:\/\/api.w.org\/{rel}","templated":true}]}}