{"id":11916,"date":"2019-08-16T14:12:57","date_gmt":"2019-08-16T18:12:57","guid":{"rendered":"http:\/\/www.immigrationli.com\/spanish\/?page_id=11916"},"modified":"2026-04-16T19:14:19","modified_gmt":"2026-04-16T23:14:19","slug":"monteiro-and-fishman","status":"publish","type":"page","link":"https:\/\/www.immigrationli.com\/spanish\/monteiro-and-fishman\/","title":{"rendered":"Monteiro &#038; Fishman &#8211; Hempstead &#8211; Long Island &#8211; Nassau County &#8211; Suffolk County"},"content":{"rendered":"<div class=\"row \"><div class=\"wpv-grid grid-1-1  wpv-first-level first unextended\" style=\"padding-top:0px;padding-bottom:0px\" id=\"wpv-column-5254e7c17651c0957fcf96e5510eaa1b\" ><\/div><\/div>\n<div class=\"row \"><div class=\"wpv-grid grid-1-1  wpv-first-level first unextended\" style=\"padding-top:0px;padding-bottom:0px\" id=\"about-content\" ><div class=\"push\" style='height:30px'><\/div>\n\t\t\t\t\t\n<h2 style=\"text-align: center;\"><span class=\"vamtam-font-style-1 with-color\">Nuestros servicios de inmigraci\u00f3n<\/span><\/h2>\n\t\t\t\t<div class=\"sep\"><\/div>\t\n<div class=\"push\" style='height:10px'><\/div>\n<div class=\"row \"><div class=\"wpv-grid grid-1-1  first unextended animation-from-bottom animated-active\" style=\"padding-top:0px;padding-bottom:0px\" id=\"wpv-column-9d7f89dabd175c851431c60d68915672\" ><p><span class=\"tlid-translation translation\" lang=\"es\">Monteiro &amp; Fishman LLP ha estado sirviendo a la comunidad desde que abri\u00f3 su oficina en Hempstead en 2009. Desde entonces, la Firma ha ayudado a miles a proteger sus derechos legales. Proteger los derechos de nuestros clientes no es solo nuestro trabajo, sino nuestra pasi\u00f3n.<\/span><\/p>\n<p><span class=\"tlid-translation translation\" lang=\"es\">No solo llenamos formularios y esperamos lo mejor. M\u00e1s bien, nos tomamos el tiempo para aprender sobre usted y sus circunstancias e inquietudes individuales. Luego le informamos de todas las opciones de inmigraci\u00f3n disponibles en funci\u00f3n de sus hechos y le brindamos el asesoramiento confiable que est\u00e1 buscando. Adaptamos individualmente la mejor estrategia legal posible y trabajamos arduamente en su nombre para obtener el mejor resultado posible.<\/span><\/p>\n<p><span class=\"tlid-translation translation\" lang=\"es\">Sabemos que la ley de inmigraci\u00f3n es confusa, y es probable que est\u00e9 estresado y abrumado. Sabemos que los tribunales pueden dar miedo y elegir al abogado adecuado no es f\u00e1cil. Los abogados y profesionales de Monteiro &amp; Fishman LLP conocen sus inquietudes de primera mano, ya que provienen de diversos pa\u00edses como El Salvador, Ecuador, Per\u00fa, Puerto Rico y Brasil. Nos especializamos en peticiones de inmigrantes de pa\u00edses latinoamericanos como El Salvador, Guatemala, Honduras, Nicaragua, Panam\u00e1, M\u00e9xico, Rep\u00fablica Dominicana, Hait\u00ed, Brasil, Argentina, Per\u00fa, Colombia, Chile, Venezuela, Bolivia y Paraguay. La Firma supervisa los gobiernos locales, los asuntos y las condiciones de los pa\u00edses del Caribe, Am\u00e9rica Central y Am\u00e9rica del Sur, y ajusta r\u00e1pidamente sus peticiones para reflejar todas las bases actuales de ayuda en estos entornos en constante cambio.<\/span><\/p>\n<p><span class=\"tlid-translation translation\" lang=\"es\">Las leyes de inmigraci\u00f3n est\u00e1n cambiando r\u00e1pidamente. Cuanto antes llame a nuestra oficina, antes podremos programar una cita con un abogado experto, sin costo. Podemos ayudar a protegerlo a usted y al futuro de su familia en los Estados Unidos. Los abogados de Monteiro &amp; Fishman LLP han sido seleccionados para la lista de Super Abogados desde 2013 hasta el presente, son miembros de la Asociaci\u00f3n Americana de Abogados de Inmigraci\u00f3n y del Comit\u00e9 de Inmigraci\u00f3n de la Asociaci\u00f3n de Abogados de Inmigraci\u00f3n del Condado de Nassau.<\/span><\/p>\n<div class=\"push\" style='height:20px'><\/div><\/div><\/div><\/div><\/div>\n\t\t\t\t\t\n<h2 style=\"text-align: center;\"><span class=\"vamtam-font-style-1 with-color\">Nuestras Areas de pr\u00e1ctica<\/span><\/h2>\n\t\t\t\t<div class=\"sep\"><\/div>\t\n<div class=\"push\" style='height:30px'><\/div>\n<div class=\"row \"><div class=\"wpv-grid grid-1-4  wpv-first-level first unextended\" style=\"padding-top:0px;padding-bottom:0px\" id=\"wpv-column-6e71cc3c5278a5fb88202159a877f101\" ><div class=\"row \"><div class=\"wpv-grid grid-1-1  first unextended\" style=\"padding-top:0px;padding-bottom:0px\" id=\"wpv-column-cebd9ac29330dafb06325886e2cbaf88\" >\n<div  data-target=\"_self\" class=\"linkarea clearfix accent1  background-transparent\">\n\t\t\t\t<div class=\"last\"><h3 style=\"text-align: center;\"><strong>Tarjeta Verde, Ciudadan\u00eda y Peticiones Basadas en la Familia<\/strong><\/h3>\n<p style=\"text-align: center;\">El alivio del ajuste de estatus a menudo busca &#8220;Tarjetas Verdes&#8221; o &#8220;Tarjetas de Residencia Permanente&#8221;,<br \/>\nque son documentos que permiten a personas de otros pa\u00edses vivir y trabajar en los Estados Unidos<br \/>\nEstados &#8211; a veces permanentes ..<\/p>\n<div class=\"push\" style='margin-bottom:-20px'><\/div>\n<div class=\"push\" style='height:30px'><\/div>\n<p class=\"textcenter\"><a href=\"https:\/\/www.immigrationli.com\/spanish\/green-card-ciudadania-peticiones-basadas-en-la-familia\/\" target=\"_self\" style='font-size: 14px;' class=\"button vamtam-button accent5  button-border hover-accent5 \"><span class=\"btext\">VER M\u00c1S \u2192<\/span><\/a><\/p> <div class=\"push\" style='height:20px'><\/div><\/div>\n\t<\/div><\/div><\/div><\/div>\n<div class=\"wpv-grid grid-1-4  wpv-first-level unextended\" style=\"padding-top:0px;padding-bottom:0px\" id=\"wpv-column-583ce3eab27f7edf6304cf2d940b51a7\" ><div class=\"row \"><div class=\"wpv-grid grid-1-1  first unextended\" style=\"padding-top:0px;padding-bottom:0px\" id=\"wpv-column-6b7ebd113ec816dc64e5515921ef943f\" >\n<div  data-target=\"_self\" class=\"linkarea clearfix accent1  background-transparent\">\n\t\t\t\t<div class=\"last\"><h3 style=\"text-align: center;\"><strong>Petici\u00f3n de asilo<\/strong><\/h3>\n<p style=\"text-align: center;\">Las personas pueden obtener asilo o la condici\u00f3n de refugiado en los Estados Unidos si tienen un temor fundado<br \/>\nde persecuci\u00f3n del gobierno, o de un grupo que el gobierno no puede o no quiere controlar.<\/p>\n<div class=\"push\" style='margin-bottom:-20px'><\/div>\n<div class=\"push\" style='height:30px'><\/div>\n<p class=\"textcenter\"><a href=\"https:\/\/www.immigrationli.com\/spanish\/peticion-de-asilo\/\" target=\"_self\" style='font-size: 14px;' class=\"button vamtam-button accent5  button-border hover-accent5 \"><span class=\"btext\">VER M\u00c1S \u2192<\/span><\/a><\/p> <div class=\"push\" style='height:20px'><\/div><\/div>\n\t<\/div><\/div><\/div><\/div>\n<div class=\"wpv-grid grid-1-4  wpv-first-level unextended\" style=\"padding-top:0px;padding-bottom:0px\" id=\"wpv-column-363226f4c762042f2c87d56e38152b36\" ><div class=\"row \"><div class=\"wpv-grid grid-1-1  first unextended\" style=\"padding-top:0px;padding-bottom:0px\" id=\"wpv-column-e97e3c2dfc61599c9001c2672ab8adcc\" >\n<div  data-target=\"_self\" class=\"linkarea clearfix accent1  background-transparent\">\n\t\t\t\t<div class=\"last\"><h3 style=\"text-align: center;\"><strong>Estatus Especial de Inmigrante Juvenil (SIJS) y Acci\u00f3n Diferida para los Llegados en la Infancia (DACA)<\/strong><\/h3>\n<p style=\"text-align: center;\">El estatus especial de inmigrante juvenil (SIJS) permite que ciertos ni\u00f1os menores que viven en los Estados Unidos se conviertan en residentes permanentes. El primer paso es presentar una petici\u00f3n de dependencia en el Tribunal de Familia de Nassau, Suffolk o Queens.<\/p>\n<div class=\"push\" style='margin-bottom:-20px'><\/div>\n<div class=\"push\" style='height:30px'><\/div>\n<p class=\"textcenter\"><a href=\"https:\/\/www.immigrationli.com\/spanish\/estatus-especial-sijs-accion-diferida-daca\/\" target=\"_self\" style='font-size: 14px;' class=\"button vamtam-button accent5  button-border hover-accent5 \"><span class=\"btext\">VER M\u00c1S \u2192<\/span><\/a><\/p> <div class=\"push\" style='height:20px'><\/div><\/div>\n\t<\/div><\/div><\/div><\/div>\n<div class=\"wpv-grid grid-1-4  wpv-first-level unextended\" style=\"padding-top:0px;padding-bottom:0px\" id=\"wpv-column-abbaffe3b8e0f181fc9dd82005a44d90\" ><div class=\"row \"><div class=\"wpv-grid grid-1-1  first unextended\" style=\"padding-top:0px;padding-bottom:0px\" id=\"wpv-column-d2a32e7e59bd153da38bd54e983a5a95\" >\n<div  data-target=\"_self\" class=\"linkarea clearfix accent1  background-transparent\">\n\t\t\t\t<div class=\"last\"><h3 style=\"text-align: center;\"><strong>Defensa de deportaci\u00f3n \/ expulsi\u00f3n<\/strong><\/h3>\n<p style=\"text-align: center;\">La deportaci\u00f3n y la expulsi\u00f3n son situaciones aterradoras y generalmente comienzan cuando un no ciudadano es atrapado en los EE. UU. Sin los documentos adecuados, se alega que viol\u00f3 los t\u00e9rminos de su tarjeta de residencia o visa, o se alega que cometi\u00f3 un delito.<\/p>\n<div class=\"push\" style='margin-bottom:-20px'><\/div>\n<div class=\"push\" style='height:30px'><\/div>\n<p class=\"textcenter\"><a href=\"https:\/\/www.immigrationli.com\/spanish\/defensa-deportacion-expulsion\/\" target=\"_self\" style='font-size: 14px;' class=\"button vamtam-button accent5  button-border hover-accent5 \"><span class=\"btext\">VER M\u00c1S \u2192<\/span><\/a><\/p> <div class=\"push\" style='height:20px'><\/div><\/div>\n\t<\/div><\/div><\/div><\/div><\/div>\n","protected":false},"excerpt":{"rendered":"<p>Monteiro &amp; Fishman LLP ha estado sirviendo a la comunidad desde que abri\u00f3 su oficina en Hempstead en 2009. Desde entonces, la Firma ha ayudado a miles a proteger sus derechos legales. Proteger los derechos de nuestros clientes no es solo nuestro trabajo, sino nuestra pasi\u00f3n. No solo llenamos formularios y esperamos lo mejor. M\u00e1s&#8230;<\/p>\n","protected":false},"author":1,"featured_media":0,"parent":0,"menu_order":0,"comment_status":"closed","ping_status":"closed","template":"","meta":{"footnotes":""},"class_list":["post-11916","page","type-page","status-publish","hentry"],"_links":{"self":[{"href":"https:\/\/www.immigrationli.com\/spanish\/wp-json\/wp\/v2\/pages\/11916","targetHints":{"allow":["GET"]}}],"collection":[{"href":"https:\/\/www.immigrationli.com\/spanish\/wp-json\/wp\/v2\/pages"}],"about":[{"href":"https:\/\/www.immigrationli.com\/spanish\/wp-json\/wp\/v2\/types\/page"}],"author":[{"embeddable":true,"href":"https:\/\/www.immigrationli.com\/spanish\/wp-json\/wp\/v2\/users\/1"}],"replies":[{"embeddable":true,"href":"https:\/\/www.immigrationli.com\/spanish\/wp-json\/wp\/v2\/comments?post=11916"}],"version-history":[{"count":38,"href":"https:\/\/www.immigrationli.com\/spanish\/wp-json\/wp\/v2\/pages\/11916\/revisions"}],"predecessor-version":[{"id":12482,"href":"https:\/\/www.immigrationli.com\/spanish\/wp-json\/wp\/v2\/pages\/11916\/revisions\/12482"}],"wp:attachment":[{"href":"https:\/\/www.immigrationli.com\/spanish\/wp-json\/wp\/v2\/media?parent=11916"}],"curies":[{"name":"wp","href":"https:\/\/api.w.org\/{rel}","templated":true}]}}